{"id":4815,"date":"2021-12-09T16:10:28","date_gmt":"2021-12-09T16:10:28","guid":{"rendered":"https:\/\/maris.com.ar\/?page_id=4815"},"modified":"2023-07-10T18:56:11","modified_gmt":"2023-07-10T18:56:11","slug":"service-de-encendedores","status":"publish","type":"page","link":"https:\/\/maris.com.ar\/index.php\/service-de-encendedores\/","title":{"rendered":"Service de Encendedores"},"content":{"rendered":"<p><a href=\"http:\/\/regalosmaris.com.ar\/servicio-tecnico-de-encendedores-2\/\" target=\"_blank\" rel=\"noopener\"><img fetchpriority=\"high\" decoding=\"async\" class=\"wp-image-4816 size-large aligncenter\" src=\"http:\/\/maris.com.ar\/wp-content\/uploads\/2021\/12\/destacado-categoria-service-encendedores-1024x576.png\" alt=\"Service de Encendedores\" width=\"780\" height=\"439\" srcset=\"https:\/\/maris.com.ar\/wp-content\/uploads\/2021\/12\/destacado-categoria-service-encendedores-1024x576.png 1024w, https:\/\/maris.com.ar\/wp-content\/uploads\/2021\/12\/destacado-categoria-service-encendedores-300x169.png 300w, https:\/\/maris.com.ar\/wp-content\/uploads\/2021\/12\/destacado-categoria-service-encendedores-768x432.png 768w, https:\/\/maris.com.ar\/wp-content\/uploads\/2021\/12\/destacado-categoria-service-encendedores-1536x864.png 1536w, https:\/\/maris.com.ar\/wp-content\/uploads\/2021\/12\/destacado-categoria-service-encendedores-350x197.png 350w, https:\/\/maris.com.ar\/wp-content\/uploads\/2021\/12\/destacado-categoria-service-encendedores-528x297.png 528w, https:\/\/maris.com.ar\/wp-content\/uploads\/2021\/12\/destacado-categoria-service-encendedores-860x484.png 860w, https:\/\/maris.com.ar\/wp-content\/uploads\/2021\/12\/destacado-categoria-service-encendedores-600x338.png 600w, https:\/\/maris.com.ar\/wp-content\/uploads\/2021\/12\/destacado-categoria-service-encendedores.png 1600w\" sizes=\"(max-width: 780px) 100vw, 780px\" \/><\/a><\/p>\n<h3 style=\"text-align: center;\">Taller especializado \u2013 Todas las Marcas<br \/>\nPresupuestos sin cargo \u2013 Garant\u00eda escrita<\/h3>\n<h1 style=\"text-align: center;\"><a href=\"http:\/\/regalosmaris.com.ar\/servicio-tecnico-de-encendedores-2\/\" target=\"_blank\" rel=\"noopener\">Somos expertos en Dupont<\/a><\/h1>\n<h3 style=\"text-align: center;\"><span style=\"color: #339966;\"><a style=\"color: #339966;\" href=\"http:\/\/regalosmaris.com.ar\/servicio-tecnico-de-encendedores-2\/\" target=\"_blank\" rel=\"noopener\"><strong>M\u00e1s informaci\u00f3n aqu\u00ed\u00bb<\/strong><\/a><\/span><\/h3>\n","protected":false},"excerpt":{"rendered":"<p> <a class=\"more-link\" href=\"https:\/\/maris.com.ar\/index.php\/service-de-encendedores\/\"><\/a><\/p>\n","protected":false},"author":2,"featured_media":4816,"parent":0,"menu_order":0,"comment_status":"closed","ping_status":"closed","template":"","meta":{"om_disable_all_campaigns":false,"_monsterinsights_skip_tracking":false,"_monsterinsights_sitenote_active":false,"_monsterinsights_sitenote_note":"","_monsterinsights_sitenote_category":0,"_joinchat":[],"footnotes":""},"class_list":["post-4815","page","type-page","status-publish","has-post-thumbnail","hentry"],"aioseo_notices":[],"_links":{"self":[{"href":"https:\/\/maris.com.ar\/index.php\/wp-json\/wp\/v2\/pages\/4815","targetHints":{"allow":["GET"]}}],"collection":[{"href":"https:\/\/maris.com.ar\/index.php\/wp-json\/wp\/v2\/pages"}],"about":[{"href":"https:\/\/maris.com.ar\/index.php\/wp-json\/wp\/v2\/types\/page"}],"author":[{"embeddable":true,"href":"https:\/\/maris.com.ar\/index.php\/wp-json\/wp\/v2\/users\/2"}],"replies":[{"embeddable":true,"href":"https:\/\/maris.com.ar\/index.php\/wp-json\/wp\/v2\/comments?post=4815"}],"version-history":[{"count":4,"href":"https:\/\/maris.com.ar\/index.php\/wp-json\/wp\/v2\/pages\/4815\/revisions"}],"predecessor-version":[{"id":5435,"href":"https:\/\/maris.com.ar\/index.php\/wp-json\/wp\/v2\/pages\/4815\/revisions\/5435"}],"wp:featuredmedia":[{"embeddable":true,"href":"https:\/\/maris.com.ar\/index.php\/wp-json\/wp\/v2\/media\/4816"}],"wp:attachment":[{"href":"https:\/\/maris.com.ar\/index.php\/wp-json\/wp\/v2\/media?parent=4815"}],"curies":[{"name":"wp","href":"https:\/\/api.w.org\/{rel}","templated":true}]}}