{"id":5027,"date":"2022-06-15T13:21:43","date_gmt":"2022-06-15T13:21:43","guid":{"rendered":"https:\/\/maris.com.ar\/?page_id=5027"},"modified":"2022-06-16T17:01:34","modified_gmt":"2022-06-16T17:01:34","slug":"sugerencias-de-regalos-para-el-dia-del-padre","status":"publish","type":"page","link":"https:\/\/maris.com.ar\/index.php\/sugerencias-de-regalos-para-el-dia-del-padre\/","title":{"rendered":"Sugerencias de regalos para el D\u00eda del Padre"},"content":{"rendered":"<p>\u00bfNo sab\u00e9s que regalarle a tu pap\u00e1 en su d\u00eda?<\/p>\n<p>Conoc\u00e9 nuestras sugerencias para hacerle el mejor regalo:<\/p>\n<div class=\"woocommerce columns-3 \"><ul class=\"products columns-3\">\n<li class=\"product type-product post-4398 status-publish first instock product_cat-accesorios product_cat-cigarros-y-habanos product_cat-tabaco-para-armar-cigarrillos has-post-thumbnail featured shipping-taxable purchasable product-type-simple\">\n\t<a href=\"https:\/\/maris.com.ar\/index.php\/producto\/boquilla-con-filtro-permanente-targard\/\" class=\"woocommerce-LoopProduct-link woocommerce-loop-product__link\"><img fetchpriority=\"high\" decoding=\"async\" width=\"300\" height=\"300\" src=\"https:\/\/maris.com.ar\/wp-content\/uploads\/2024\/06\/TARGARD-CON-1-CEPILLO-Y-3-300x300.jpg\" class=\"attachment-woocommerce_thumbnail size-woocommerce_thumbnail\" alt=\"Boquilla con filtro permanente TarGard\" srcset=\"https:\/\/maris.com.ar\/wp-content\/uploads\/2024\/06\/TARGARD-CON-1-CEPILLO-Y-3-300x300.jpg 300w, https:\/\/maris.com.ar\/wp-content\/uploads\/2024\/06\/TARGARD-CON-1-CEPILLO-Y-3-150x150.jpg 150w, https:\/\/maris.com.ar\/wp-content\/uploads\/2024\/06\/TARGARD-CON-1-CEPILLO-Y-3-200x200.jpg 200w, https:\/\/maris.com.ar\/wp-content\/uploads\/2024\/06\/TARGARD-CON-1-CEPILLO-Y-3-100x100.jpg 100w, https:\/\/maris.com.ar\/wp-content\/uploads\/2024\/06\/TARGARD-CON-1-CEPILLO-Y-3-40x40.jpg 40w\" sizes=\"(max-width: 300px) 100vw, 300px\" \/><h2 class=\"woocommerce-loop-product__title\">Boquilla con filtro permanente TarGard<\/h2>\n\t<span class=\"price\"><span class=\"woocommerce-Price-amount amount\"><bdi><span class=\"woocommerce-Price-currencySymbol\">&#36;<\/span>40000<\/bdi><\/span><\/span>\n<\/a>\t<span id=\"woocommerce_loop_add_to_cart_link_describedby_4398\" class=\"screen-reader-text\">\n\t\t\t<\/span>\n<\/li>\n<li class=\"product type-product post-4911 status-publish instock product_cat-pipa product_cat-pipas product_cat-tabaco-para-pipa has-post-thumbnail shipping-taxable purchasable product-type-simple\">\n\t<a href=\"https:\/\/maris.com.ar\/index.php\/producto\/4911\/\" class=\"woocommerce-LoopProduct-link woocommerce-loop-product__link\"><img decoding=\"async\" width=\"300\" height=\"300\" src=\"https:\/\/maris.com.ar\/wp-content\/uploads\/2023\/03\/9-mm-300x300.jpg\" class=\"attachment-woocommerce_thumbnail size-woocommerce_thumbnail\" alt=\"Pipa de Brezo con filtro 9 mm Italiana\" srcset=\"https:\/\/maris.com.ar\/wp-content\/uploads\/2023\/03\/9-mm-300x300.jpg 300w, https:\/\/maris.com.ar\/wp-content\/uploads\/2023\/03\/9-mm-150x150.jpg 150w, https:\/\/maris.com.ar\/wp-content\/uploads\/2023\/03\/9-mm-200x200.jpg 200w, https:\/\/maris.com.ar\/wp-content\/uploads\/2023\/03\/9-mm-100x100.jpg 100w, https:\/\/maris.com.ar\/wp-content\/uploads\/2023\/03\/9-mm-40x40.jpg 40w\" sizes=\"(max-width: 300px) 100vw, 300px\" \/><h2 class=\"woocommerce-loop-product__title\">Pipa de Brezo con filtro 9 mm Italiana<\/h2>\n\t<span class=\"price\"><span class=\"woocommerce-Price-amount amount\"><bdi><span class=\"woocommerce-Price-currencySymbol\">&#36;<\/span>89000<\/bdi><\/span><\/span>\n<\/a>\t<span id=\"woocommerce_loop_add_to_cart_link_describedby_4911\" class=\"screen-reader-text\">\n\t\t\t<\/span>\n<\/li>\n<li class=\"product type-product post-5015 status-publish last instock product_cat-pipa product_cat-pipas product_cat-tabaco-para-pipa has-post-thumbnail shipping-taxable purchasable product-type-simple\">\n\t<a href=\"https:\/\/maris.com.ar\/index.php\/producto\/pipas-de-brezo\/\" class=\"woocommerce-LoopProduct-link woocommerce-loop-product__link\"><img decoding=\"async\" width=\"300\" height=\"300\" src=\"https:\/\/maris.com.ar\/wp-content\/uploads\/2022\/06\/simple-300x300.jpg\" class=\"attachment-woocommerce_thumbnail size-woocommerce_thumbnail\" alt=\"PIPAS DE BREZO\" srcset=\"https:\/\/maris.com.ar\/wp-content\/uploads\/2022\/06\/simple-300x300.jpg 300w, https:\/\/maris.com.ar\/wp-content\/uploads\/2022\/06\/simple-150x150.jpg 150w, https:\/\/maris.com.ar\/wp-content\/uploads\/2022\/06\/simple-200x200.jpg 200w, https:\/\/maris.com.ar\/wp-content\/uploads\/2022\/06\/simple-100x100.jpg 100w, https:\/\/maris.com.ar\/wp-content\/uploads\/2022\/06\/simple-40x40.jpg 40w\" sizes=\"(max-width: 300px) 100vw, 300px\" \/><h2 class=\"woocommerce-loop-product__title\">PIPAS DE BREZO<\/h2>\n\t<span class=\"price\"><span class=\"woocommerce-Price-amount amount\"><bdi><span class=\"woocommerce-Price-currencySymbol\">&#36;<\/span>65000<\/bdi><\/span><\/span>\n<\/a>\t<span id=\"woocommerce_loop_add_to_cart_link_describedby_5015\" class=\"screen-reader-text\">\n\t\t\t<\/span>\n<\/li>\n<\/ul>\n<\/div>\n<div class=\"woocommerce columns-3 \"><ul class=\"products columns-3\">\n<li class=\"product type-product post-4944 status-publish first instock product_cat-cigarros-y-habanos product_cat-encendedores product_cat-pipas product_cat-puros product_cat-tabaco-para-armar-cigarrillos product_cat-tabaco-para-pipa has-post-thumbnail featured shipping-taxable purchasable product-type-simple\">\n\t<a href=\"https:\/\/maris.com.ar\/index.php\/producto\/encendedor-imco-austriaco-carusita-nuevos\/\" class=\"woocommerce-LoopProduct-link woocommerce-loop-product__link\"><img loading=\"lazy\" decoding=\"async\" width=\"300\" height=\"300\" src=\"https:\/\/maris.com.ar\/wp-content\/uploads\/2021\/08\/imcojr6600_1-300x300.jpg\" class=\"attachment-woocommerce_thumbnail size-woocommerce_thumbnail\" alt=\"Encendedor IMCO Austriaco Carusita nuevos de Colecci\u00f3n\" srcset=\"https:\/\/maris.com.ar\/wp-content\/uploads\/2021\/08\/imcojr6600_1-300x300.jpg 300w, https:\/\/maris.com.ar\/wp-content\/uploads\/2021\/08\/imcojr6600_1-100x100.jpg 100w, https:\/\/maris.com.ar\/wp-content\/uploads\/2021\/08\/imcojr6600_1-416x416.jpg 416w, https:\/\/maris.com.ar\/wp-content\/uploads\/2021\/08\/imcojr6600_1-150x150.jpg 150w, https:\/\/maris.com.ar\/wp-content\/uploads\/2021\/08\/imcojr6600_1-200x200.jpg 200w, https:\/\/maris.com.ar\/wp-content\/uploads\/2021\/08\/imcojr6600_1.jpg 450w\" sizes=\"(max-width: 300px) 100vw, 300px\" \/><h2 class=\"woocommerce-loop-product__title\">Encendedor IMCO Austriaco Carusita nuevos de Colecci\u00f3n<\/h2>\n\t<span class=\"price\"><span class=\"woocommerce-Price-amount amount\"><bdi><span class=\"woocommerce-Price-currencySymbol\">&#36;<\/span>110000<\/bdi><\/span><\/span>\n<\/a>\t<span id=\"woocommerce_loop_add_to_cart_link_describedby_4944\" class=\"screen-reader-text\">\n\t\t\t<\/span>\n<\/li>\n<li class=\"product type-product post-5005 status-publish instock product_cat-accesorios product_cat-pipas has-post-thumbnail featured shipping-taxable purchasable product-type-simple\">\n\t<a href=\"https:\/\/maris.com.ar\/index.php\/producto\/portapipa-plegable-personal\/\" class=\"woocommerce-LoopProduct-link woocommerce-loop-product__link\"><img loading=\"lazy\" decoding=\"async\" width=\"300\" height=\"300\" src=\"https:\/\/maris.com.ar\/wp-content\/uploads\/2022\/06\/PORTA-PIPA-4-300x300.jpg\" class=\"attachment-woocommerce_thumbnail size-woocommerce_thumbnail\" alt=\"PORTAPIPA PLEGABLE PERSONAL\" srcset=\"https:\/\/maris.com.ar\/wp-content\/uploads\/2022\/06\/PORTA-PIPA-4-300x300.jpg 300w, https:\/\/maris.com.ar\/wp-content\/uploads\/2022\/06\/PORTA-PIPA-4-150x150.jpg 150w, https:\/\/maris.com.ar\/wp-content\/uploads\/2022\/06\/PORTA-PIPA-4-200x200.jpg 200w, https:\/\/maris.com.ar\/wp-content\/uploads\/2022\/06\/PORTA-PIPA-4-100x100.jpg 100w, https:\/\/maris.com.ar\/wp-content\/uploads\/2022\/06\/PORTA-PIPA-4-40x40.jpg 40w\" sizes=\"(max-width: 300px) 100vw, 300px\" \/><h2 class=\"woocommerce-loop-product__title\">PORTAPIPA PLEGABLE PERSONAL<\/h2>\n\t<span class=\"price\"><span class=\"woocommerce-Price-amount amount\"><bdi><span class=\"woocommerce-Price-currencySymbol\">&#36;<\/span>13000<\/bdi><\/span><\/span>\n<\/a>\t<span id=\"woocommerce_loop_add_to_cart_link_describedby_5005\" class=\"screen-reader-text\">\n\t\t\t<\/span>\n<\/li>\n<li class=\"product type-product post-4365 status-publish last instock product_cat-tabaco-para-pipa has-post-thumbnail shipping-taxable purchasable product-type-simple\">\n\t<a href=\"https:\/\/maris.com.ar\/index.php\/producto\/amphora-full-aroma\/\" class=\"woocommerce-LoopProduct-link woocommerce-loop-product__link\"><img loading=\"lazy\" decoding=\"async\" width=\"300\" height=\"300\" src=\"https:\/\/maris.com.ar\/wp-content\/uploads\/2021\/08\/amphora-full-12-1-300x300.jpg\" class=\"attachment-woocommerce_thumbnail size-woocommerce_thumbnail\" alt=\"Amphora Full Aroma\" srcset=\"https:\/\/maris.com.ar\/wp-content\/uploads\/2021\/08\/amphora-full-12-1-300x300.jpg 300w, https:\/\/maris.com.ar\/wp-content\/uploads\/2021\/08\/amphora-full-12-1-100x100.jpg 100w, https:\/\/maris.com.ar\/wp-content\/uploads\/2021\/08\/amphora-full-12-1-150x150.jpg 150w, https:\/\/maris.com.ar\/wp-content\/uploads\/2021\/08\/amphora-full-12-1-200x200.jpg 200w\" sizes=\"(max-width: 300px) 100vw, 300px\" \/><h2 class=\"woocommerce-loop-product__title\">Amphora Full Aroma<\/h2>\n<\/a>\t<span id=\"woocommerce_loop_add_to_cart_link_describedby_4365\" class=\"screen-reader-text\">\n\t\t\t<\/span>\n<\/li>\n<li class=\"product type-product post-4398 status-publish first instock product_cat-accesorios product_cat-cigarros-y-habanos product_cat-tabaco-para-armar-cigarrillos has-post-thumbnail featured shipping-taxable purchasable product-type-simple\">\n\t<a href=\"https:\/\/maris.com.ar\/index.php\/producto\/boquilla-con-filtro-permanente-targard\/\" class=\"woocommerce-LoopProduct-link woocommerce-loop-product__link\"><img fetchpriority=\"high\" decoding=\"async\" width=\"300\" height=\"300\" src=\"https:\/\/maris.com.ar\/wp-content\/uploads\/2024\/06\/TARGARD-CON-1-CEPILLO-Y-3-300x300.jpg\" class=\"attachment-woocommerce_thumbnail size-woocommerce_thumbnail\" alt=\"Boquilla con filtro permanente TarGard\" srcset=\"https:\/\/maris.com.ar\/wp-content\/uploads\/2024\/06\/TARGARD-CON-1-CEPILLO-Y-3-300x300.jpg 300w, https:\/\/maris.com.ar\/wp-content\/uploads\/2024\/06\/TARGARD-CON-1-CEPILLO-Y-3-150x150.jpg 150w, https:\/\/maris.com.ar\/wp-content\/uploads\/2024\/06\/TARGARD-CON-1-CEPILLO-Y-3-200x200.jpg 200w, https:\/\/maris.com.ar\/wp-content\/uploads\/2024\/06\/TARGARD-CON-1-CEPILLO-Y-3-100x100.jpg 100w, https:\/\/maris.com.ar\/wp-content\/uploads\/2024\/06\/TARGARD-CON-1-CEPILLO-Y-3-40x40.jpg 40w\" sizes=\"(max-width: 300px) 100vw, 300px\" \/><h2 class=\"woocommerce-loop-product__title\">Boquilla con filtro permanente TarGard<\/h2>\n\t<span class=\"price\"><span class=\"woocommerce-Price-amount amount\"><bdi><span class=\"woocommerce-Price-currencySymbol\">&#36;<\/span>40000<\/bdi><\/span><\/span>\n<\/a>\t<span id=\"woocommerce_loop_add_to_cart_link_describedby_4398\" class=\"screen-reader-text\">\n\t\t\t<\/span>\n<\/li>\n<li class=\"product type-product post-4107 status-publish instock product_cat-cigarros-y-habanos has-post-thumbnail shipping-taxable purchasable product-type-simple\">\n\t<a href=\"https:\/\/maris.com.ar\/index.php\/producto\/cafe-creme-blue\/\" class=\"woocommerce-LoopProduct-link woocommerce-loop-product__link\"><img loading=\"lazy\" decoding=\"async\" width=\"250\" height=\"250\" src=\"https:\/\/maris.com.ar\/wp-content\/uploads\/2021\/08\/cc_blue-1.jpg\" class=\"attachment-woocommerce_thumbnail size-woocommerce_thumbnail\" alt=\"Cafe Cr\u00e9me Blue\" srcset=\"https:\/\/maris.com.ar\/wp-content\/uploads\/2021\/08\/cc_blue-1.jpg 250w, https:\/\/maris.com.ar\/wp-content\/uploads\/2021\/08\/cc_blue-1-100x100.jpg 100w, https:\/\/maris.com.ar\/wp-content\/uploads\/2021\/08\/cc_blue-1-150x150.jpg 150w, https:\/\/maris.com.ar\/wp-content\/uploads\/2021\/08\/cc_blue-1-200x200.jpg 200w\" sizes=\"(max-width: 250px) 100vw, 250px\" \/><h2 class=\"woocommerce-loop-product__title\">Cafe Cr\u00e9me Blue<\/h2>\n<\/a>\t<span id=\"woocommerce_loop_add_to_cart_link_describedby_4107\" class=\"screen-reader-text\">\n\t\t\t<\/span>\n<\/li>\n<li class=\"product type-product post-4095 status-publish last instock product_cat-cigarros-y-habanos has-post-thumbnail shipping-taxable purchasable product-type-simple\">\n\t<a href=\"https:\/\/maris.com.ar\/index.php\/producto\/clubmaster-sup-vanilla\/\" class=\"woocommerce-LoopProduct-link woocommerce-loop-product__link\"><img loading=\"lazy\" decoding=\"async\" width=\"152\" height=\"152\" src=\"https:\/\/maris.com.ar\/wp-content\/uploads\/2021\/08\/clubmaster-vanilla-1.png\" class=\"attachment-woocommerce_thumbnail size-woocommerce_thumbnail\" alt=\"Clubmaster Sup. Vanilla\" srcset=\"https:\/\/maris.com.ar\/wp-content\/uploads\/2021\/08\/clubmaster-vanilla-1.png 152w, https:\/\/maris.com.ar\/wp-content\/uploads\/2021\/08\/clubmaster-vanilla-1-100x100.png 100w, https:\/\/maris.com.ar\/wp-content\/uploads\/2021\/08\/clubmaster-vanilla-1-150x150.png 150w\" sizes=\"(max-width: 152px) 100vw, 152px\" \/><h2 class=\"woocommerce-loop-product__title\">Clubmaster Sup. Vanilla<\/h2>\n<\/a>\t<span id=\"woocommerce_loop_add_to_cart_link_describedby_4095\" class=\"screen-reader-text\">\n\t\t\t<\/span>\n<\/li>\n<li class=\"product type-product post-4359 status-publish first outofstock product_cat-tabaco-para-pipa has-post-thumbnail shipping-taxable purchasable product-type-simple\">\n\t<a href=\"https:\/\/maris.com.ar\/index.php\/producto\/danish-mixture-original-black-vanilla-pouch\/\" class=\"woocommerce-LoopProduct-link woocommerce-loop-product__link\"><img loading=\"lazy\" decoding=\"async\" width=\"300\" height=\"300\" src=\"https:\/\/maris.com.ar\/wp-content\/uploads\/2021\/08\/Danishmix_BV-1-300x300.jpg\" class=\"attachment-woocommerce_thumbnail size-woocommerce_thumbnail\" alt=\"Danish Mixture Original Black Vanilla Pouch\" srcset=\"https:\/\/maris.com.ar\/wp-content\/uploads\/2021\/08\/Danishmix_BV-1-300x300.jpg 300w, https:\/\/maris.com.ar\/wp-content\/uploads\/2021\/08\/Danishmix_BV-1-100x100.jpg 100w, https:\/\/maris.com.ar\/wp-content\/uploads\/2021\/08\/Danishmix_BV-1-150x150.jpg 150w, https:\/\/maris.com.ar\/wp-content\/uploads\/2021\/08\/Danishmix_BV-1-200x200.jpg 200w, https:\/\/maris.com.ar\/wp-content\/uploads\/2021\/08\/Danishmix_BV-1.jpg 350w\" sizes=\"(max-width: 300px) 100vw, 300px\" \/><h2 class=\"woocommerce-loop-product__title\">Danish Mixture Original Black Vanilla Pouch<\/h2>\n<\/a><a href=\"https:\/\/maris.com.ar\/index.php\/producto\/danish-mixture-original-black-vanilla-pouch\/\" aria-describedby=\"woocommerce_loop_add_to_cart_link_describedby_4359\" data-quantity=\"1\" class=\"button product_type_simple\" data-product_id=\"4359\" data-product_sku=\"\" aria-label=\"Read more about &ldquo;Danish Mixture Original Black Vanilla Pouch&rdquo;\" rel=\"nofollow\" data-success_message=\"\">Read more<\/a>\t<span id=\"woocommerce_loop_add_to_cart_link_describedby_4359\" class=\"screen-reader-text\">\n\t\t\t<\/span>\n<\/li>\n<li class=\"product type-product post-4175 status-publish instock product_cat-cigarros-y-habanos product_cat-puros has-post-thumbnail featured shipping-taxable purchasable product-type-simple\">\n\t<a href=\"https:\/\/maris.com.ar\/index.php\/producto\/francisco-de-miranda-robusto-l-azul-x-unidad\/\" class=\"woocommerce-LoopProduct-link woocommerce-loop-product__link\"><img loading=\"lazy\" decoding=\"async\" width=\"180\" height=\"171\" src=\"https:\/\/maris.com.ar\/wp-content\/uploads\/2021\/08\/logofdemiranda-1.jpg\" class=\"attachment-woocommerce_thumbnail size-woocommerce_thumbnail\" alt=\"Francisco de Miranda ROBUSTO (L. Azul) x unidad\" \/><h2 class=\"woocommerce-loop-product__title\">Francisco de Miranda ROBUSTO (L. Azul) x unidad<\/h2>\n<\/a>\t<span id=\"woocommerce_loop_add_to_cart_link_describedby_4175\" class=\"screen-reader-text\">\n\t\t\t<\/span>\n<\/li>\n<li class=\"product type-product post-4764 status-publish last outofstock product_cat-accesorios product_cat-cigarros-y-habanos product_cat-encendedores product_cat-pipas product_cat-puros has-post-thumbnail featured shipping-taxable purchasable product-type-simple\">\n\t<a href=\"https:\/\/maris.com.ar\/index.php\/producto\/encendedor-ronson-con-accesorios-para-pipa\/\" class=\"woocommerce-LoopProduct-link woocommerce-loop-product__link\"><img loading=\"lazy\" decoding=\"async\" width=\"300\" height=\"300\" src=\"https:\/\/maris.com.ar\/wp-content\/uploads\/2021\/12\/ronson-300x300.webp\" class=\"attachment-woocommerce_thumbnail size-woocommerce_thumbnail\" alt=\"Encendedor Ronson con Accesorios para pipa\" srcset=\"https:\/\/maris.com.ar\/wp-content\/uploads\/2021\/12\/ronson-300x300.webp 300w, https:\/\/maris.com.ar\/wp-content\/uploads\/2021\/12\/ronson-150x150.webp 150w, https:\/\/maris.com.ar\/wp-content\/uploads\/2021\/12\/ronson-200x200.webp 200w, https:\/\/maris.com.ar\/wp-content\/uploads\/2021\/12\/ronson-100x100.webp 100w, https:\/\/maris.com.ar\/wp-content\/uploads\/2021\/12\/ronson-40x40.webp 40w\" sizes=\"(max-width: 300px) 100vw, 300px\" \/><h2 class=\"woocommerce-loop-product__title\">Encendedor Ronson con Accesorios para pipa<\/h2>\n\t<span class=\"price\"><span class=\"woocommerce-Price-amount amount\"><bdi><span class=\"woocommerce-Price-currencySymbol\">&#36;<\/span>95000<\/bdi><\/span><\/span>\n<\/a><a href=\"https:\/\/maris.com.ar\/index.php\/producto\/encendedor-ronson-con-accesorios-para-pipa\/\" aria-describedby=\"woocommerce_loop_add_to_cart_link_describedby_4764\" data-quantity=\"1\" class=\"button product_type_simple\" data-product_id=\"4764\" data-product_sku=\"\" aria-label=\"Read more about &ldquo;Encendedor Ronson con Accesorios para pipa&rdquo;\" rel=\"nofollow\" data-success_message=\"\">Read more<\/a>\t<span id=\"woocommerce_loop_add_to_cart_link_describedby_4764\" class=\"screen-reader-text\">\n\t\t\t<\/span>\n<\/li>\n<li class=\"product type-product post-4340 status-publish first instock product_cat-tabaco-para-pipa has-post-thumbnail shipping-taxable purchasable product-type-simple\">\n\t<a href=\"https:\/\/maris.com.ar\/index.php\/producto\/mac-baren-aromatic-choice-2\/\" class=\"woocommerce-LoopProduct-link woocommerce-loop-product__link\"><img loading=\"lazy\" decoding=\"async\" width=\"300\" height=\"300\" src=\"https:\/\/maris.com.ar\/wp-content\/uploads\/2021\/08\/macb_archoice-1-300x300.jpg\" class=\"attachment-woocommerce_thumbnail size-woocommerce_thumbnail\" alt=\"Mac Baren Aromatic Choice\" srcset=\"https:\/\/maris.com.ar\/wp-content\/uploads\/2021\/08\/macb_archoice-1.jpg 300w, https:\/\/maris.com.ar\/wp-content\/uploads\/2021\/08\/macb_archoice-1-100x100.jpg 100w, https:\/\/maris.com.ar\/wp-content\/uploads\/2021\/08\/macb_archoice-1-150x150.jpg 150w, https:\/\/maris.com.ar\/wp-content\/uploads\/2021\/08\/macb_archoice-1-200x200.jpg 200w\" sizes=\"(max-width: 300px) 100vw, 300px\" \/><h2 class=\"woocommerce-loop-product__title\">Mac Baren Aromatic Choice<\/h2>\n<\/a>\t<span id=\"woocommerce_loop_add_to_cart_link_describedby_4340\" class=\"screen-reader-text\">\n\t\t\t<\/span>\n<\/li>\n<li class=\"product type-product post-4363 status-publish outofstock product_cat-tabaco-para-pipa has-post-thumbnail shipping-taxable purchasable product-type-simple\">\n\t<a href=\"https:\/\/maris.com.ar\/index.php\/producto\/mc-connel-pure-latakia\/\" class=\"woocommerce-LoopProduct-link woocommerce-loop-product__link\"><img loading=\"lazy\" decoding=\"async\" width=\"180\" height=\"171\" src=\"https:\/\/maris.com.ar\/wp-content\/uploads\/2021\/08\/tab097-1.jpg\" class=\"attachment-woocommerce_thumbnail size-woocommerce_thumbnail\" alt=\"Mc Connel Pure Latakia\" \/><h2 class=\"woocommerce-loop-product__title\">Mc Connel Pure Latakia<\/h2>\n<\/a><a href=\"https:\/\/maris.com.ar\/index.php\/producto\/mc-connel-pure-latakia\/\" aria-describedby=\"woocommerce_loop_add_to_cart_link_describedby_4363\" data-quantity=\"1\" class=\"button product_type_simple\" data-product_id=\"4363\" data-product_sku=\"\" aria-label=\"Read more about &ldquo;Mc Connel Pure Latakia&rdquo;\" rel=\"nofollow\" data-success_message=\"\">Read more<\/a>\t<span id=\"woocommerce_loop_add_to_cart_link_describedby_4363\" class=\"screen-reader-text\">\n\t\t\t<\/span>\n<\/li>\n<li class=\"product type-product post-4070 status-publish last instock product_cat-accesorios has-post-thumbnail shipping-taxable purchasable product-type-simple\">\n\t<a href=\"https:\/\/maris.com.ar\/index.php\/producto\/posa-pipas-de-quebracho-para-2-pipas\/\" class=\"woocommerce-LoopProduct-link woocommerce-loop-product__link\"><img loading=\"lazy\" decoding=\"async\" width=\"300\" height=\"300\" src=\"https:\/\/maris.com.ar\/wp-content\/uploads\/2021\/08\/posap_2unid-1-300x300.jpg\" class=\"attachment-woocommerce_thumbnail size-woocommerce_thumbnail\" alt=\"Posa pipas de Quebracho (para 2 pipas)\" srcset=\"https:\/\/maris.com.ar\/wp-content\/uploads\/2021\/08\/posap_2unid-1-300x300.jpg 300w, https:\/\/maris.com.ar\/wp-content\/uploads\/2021\/08\/posap_2unid-1-100x100.jpg 100w, https:\/\/maris.com.ar\/wp-content\/uploads\/2021\/08\/posap_2unid-1-416x416.jpg 416w, https:\/\/maris.com.ar\/wp-content\/uploads\/2021\/08\/posap_2unid-1-150x150.jpg 150w, https:\/\/maris.com.ar\/wp-content\/uploads\/2021\/08\/posap_2unid-1-200x200.jpg 200w, https:\/\/maris.com.ar\/wp-content\/uploads\/2021\/08\/posap_2unid-1.jpg 450w\" sizes=\"(max-width: 300px) 100vw, 300px\" \/><h2 class=\"woocommerce-loop-product__title\">Posa pipas de Quebracho (para 2 pipas)<\/h2>\n<\/a>\t<span id=\"woocommerce_loop_add_to_cart_link_describedby_4070\" class=\"screen-reader-text\">\n\t\t\t<\/span>\n<\/li>\n<li class=\"product type-product post-4072 status-publish first instock product_cat-accesorios has-post-thumbnail shipping-taxable purchasable product-type-simple\">\n\t<a href=\"https:\/\/maris.com.ar\/index.php\/producto\/posa-pipas-para-6-unidades\/\" class=\"woocommerce-LoopProduct-link woocommerce-loop-product__link\"><img loading=\"lazy\" decoding=\"async\" width=\"300\" height=\"240\" src=\"https:\/\/maris.com.ar\/wp-content\/uploads\/2021\/08\/chico-1-300x240.jpg\" class=\"attachment-woocommerce_thumbnail size-woocommerce_thumbnail\" alt=\"Posa pipas para 6 unidades\" \/><h2 class=\"woocommerce-loop-product__title\">Posa pipas para 6 unidades<\/h2>\n<\/a>\t<span id=\"woocommerce_loop_add_to_cart_link_describedby_4072\" class=\"screen-reader-text\">\n\t\t\t<\/span>\n<\/li>\n<li class=\"product type-product post-4274 status-publish outofstock product_cat-cigarros-y-habanos product_cat-tabaco-para-armar-cigarrillos product_cat-tabaco-para-pipa has-post-thumbnail featured shipping-taxable purchasable product-type-simple\">\n\t<a href=\"https:\/\/maris.com.ar\/index.php\/producto\/samuel-gawith-genuine-english-snuff-aromas-varios\/\" class=\"woocommerce-LoopProduct-link woocommerce-loop-product__link\"><img loading=\"lazy\" decoding=\"async\" width=\"300\" height=\"300\" src=\"https:\/\/maris.com.ar\/wp-content\/uploads\/2021\/08\/tabaco-para-aspirar-samuel-gawith-1-300x300.jpg\" class=\"attachment-woocommerce_thumbnail size-woocommerce_thumbnail\" alt=\"Samuel Gawith Genuine English Snuff- Aromas varios\" srcset=\"https:\/\/maris.com.ar\/wp-content\/uploads\/2021\/08\/tabaco-para-aspirar-samuel-gawith-1-300x300.jpg 300w, https:\/\/maris.com.ar\/wp-content\/uploads\/2021\/08\/tabaco-para-aspirar-samuel-gawith-1-100x100.jpg 100w, https:\/\/maris.com.ar\/wp-content\/uploads\/2021\/08\/tabaco-para-aspirar-samuel-gawith-1-416x416.jpg 416w, https:\/\/maris.com.ar\/wp-content\/uploads\/2021\/08\/tabaco-para-aspirar-samuel-gawith-1-150x150.jpg 150w, https:\/\/maris.com.ar\/wp-content\/uploads\/2021\/08\/tabaco-para-aspirar-samuel-gawith-1-200x200.jpg 200w, https:\/\/maris.com.ar\/wp-content\/uploads\/2021\/08\/tabaco-para-aspirar-samuel-gawith-1.jpg 500w\" sizes=\"(max-width: 300px) 100vw, 300px\" \/><h2 class=\"woocommerce-loop-product__title\">Samuel Gawith Genuine English Snuff- Aromas varios<\/h2>\n<\/a><a href=\"https:\/\/maris.com.ar\/index.php\/producto\/samuel-gawith-genuine-english-snuff-aromas-varios\/\" aria-describedby=\"woocommerce_loop_add_to_cart_link_describedby_4274\" data-quantity=\"1\" class=\"button product_type_simple\" data-product_id=\"4274\" data-product_sku=\"\" aria-label=\"Read more about &ldquo;Samuel Gawith Genuine English Snuff- Aromas varios&rdquo;\" rel=\"nofollow\" data-success_message=\"\">Read more<\/a>\t<span id=\"woocommerce_loop_add_to_cart_link_describedby_4274\" class=\"screen-reader-text\">\n\t\t\t<\/span>\n<\/li>\n<\/ul>\n<\/div>\n","protected":false},"excerpt":{"rendered":"<p> <a class=\"more-link\" href=\"https:\/\/maris.com.ar\/index.php\/sugerencias-de-regalos-para-el-dia-del-padre\/\"><\/a><\/p>\n","protected":false},"author":2,"featured_media":5037,"parent":0,"menu_order":0,"comment_status":"closed","ping_status":"closed","template":"","meta":{"om_disable_all_campaigns":false,"_monsterinsights_skip_tracking":false,"_monsterinsights_sitenote_active":false,"_monsterinsights_sitenote_note":"","_monsterinsights_sitenote_category":0,"_joinchat":[],"footnotes":""},"class_list":["post-5027","page","type-page","status-publish","has-post-thumbnail","hentry"],"aioseo_notices":[],"_links":{"self":[{"href":"https:\/\/maris.com.ar\/index.php\/wp-json\/wp\/v2\/pages\/5027","targetHints":{"allow":["GET"]}}],"collection":[{"href":"https:\/\/maris.com.ar\/index.php\/wp-json\/wp\/v2\/pages"}],"about":[{"href":"https:\/\/maris.com.ar\/index.php\/wp-json\/wp\/v2\/types\/page"}],"author":[{"embeddable":true,"href":"https:\/\/maris.com.ar\/index.php\/wp-json\/wp\/v2\/users\/2"}],"replies":[{"embeddable":true,"href":"https:\/\/maris.com.ar\/index.php\/wp-json\/wp\/v2\/comments?post=5027"}],"version-history":[{"count":11,"href":"https:\/\/maris.com.ar\/index.php\/wp-json\/wp\/v2\/pages\/5027\/revisions"}],"predecessor-version":[{"id":5055,"href":"https:\/\/maris.com.ar\/index.php\/wp-json\/wp\/v2\/pages\/5027\/revisions\/5055"}],"wp:featuredmedia":[{"embeddable":true,"href":"https:\/\/maris.com.ar\/index.php\/wp-json\/wp\/v2\/media\/5037"}],"wp:attachment":[{"href":"https:\/\/maris.com.ar\/index.php\/wp-json\/wp\/v2\/media?parent=5027"}],"curies":[{"name":"wp","href":"https:\/\/api.w.org\/{rel}","templated":true}]}}