{"id":5589,"date":"2024-04-05T21:09:55","date_gmt":"2024-04-05T21:09:55","guid":{"rendered":"https:\/\/maris.com.ar\/?page_id=5589"},"modified":"2024-04-05T21:13:04","modified_gmt":"2024-04-05T21:13:04","slug":"encendedores-de-coleccion","status":"publish","type":"page","link":"https:\/\/maris.com.ar\/index.php\/encendedores-de-coleccion\/","title":{"rendered":"ENCENDEDORES DE COLECCI\u00d3N"},"content":{"rendered":"<div class=\"woocommerce columns-4 \"><ul class=\"products columns-4\">\n<li class=\"product type-product post-4995 status-publish first instock product_cat-accesorios product_cat-cigarros-y-habanos product_cat-encendedores product_cat-encendedores-de-coleccion product_cat-novedades product_cat-pipas product_cat-pipas-de-coleccion-restauradas product_cat-puros product_cat-relojes product_cat-tabaco-para-armar-cigarrillos product_cat-tabaco-para-pipa has-post-thumbnail featured shipping-taxable purchasable product-type-simple\">\n\t<a href=\"https:\/\/maris.com.ar\/index.php\/producto\/sugerencias-dia-del-padre\/\" class=\"woocommerce-LoopProduct-link woocommerce-loop-product__link\"><img fetchpriority=\"high\" decoding=\"async\" width=\"300\" height=\"300\" src=\"https:\/\/maris.com.ar\/wp-content\/uploads\/2022\/06\/SUGERENCIAS-23-300x300.jpg\" class=\"attachment-woocommerce_thumbnail size-woocommerce_thumbnail\" alt=\"FELIZ DIA DEL PADRE\" srcset=\"https:\/\/maris.com.ar\/wp-content\/uploads\/2022\/06\/SUGERENCIAS-23-300x300.jpg 300w, https:\/\/maris.com.ar\/wp-content\/uploads\/2022\/06\/SUGERENCIAS-23-150x150.jpg 150w, https:\/\/maris.com.ar\/wp-content\/uploads\/2022\/06\/SUGERENCIAS-23-200x200.jpg 200w, https:\/\/maris.com.ar\/wp-content\/uploads\/2022\/06\/SUGERENCIAS-23-100x100.jpg 100w, https:\/\/maris.com.ar\/wp-content\/uploads\/2022\/06\/SUGERENCIAS-23-40x40.jpg 40w\" sizes=\"(max-width: 300px) 100vw, 300px\" \/><h2 class=\"woocommerce-loop-product__title\">SUGERENCIAS PARA REGALAR<\/h2>\n<\/a>\t<span id=\"woocommerce_loop_add_to_cart_link_describedby_4995\" class=\"screen-reader-text\">\n\t\t\t<\/span>\n<\/li>\n<li class=\"product type-product post-5790 status-publish instock product_cat-accesorios product_cat-encendedores product_cat-encendedores-de-coleccion has-post-thumbnail featured shipping-taxable purchasable product-type-simple\">\n\t<a href=\"https:\/\/maris.com.ar\/index.php\/producto\/encendedores-restaurados-con-garantia\/\" class=\"woocommerce-LoopProduct-link woocommerce-loop-product__link\"><img decoding=\"async\" width=\"300\" height=\"300\" src=\"https:\/\/maris.com.ar\/wp-content\/uploads\/2024\/08\/restaurados-300x300.jpg\" class=\"attachment-woocommerce_thumbnail size-woocommerce_thumbnail\" alt=\"Encendedores restaurados con garant\u00eda\" srcset=\"https:\/\/maris.com.ar\/wp-content\/uploads\/2024\/08\/restaurados-300x300.jpg 300w, https:\/\/maris.com.ar\/wp-content\/uploads\/2024\/08\/restaurados-150x150.jpg 150w, https:\/\/maris.com.ar\/wp-content\/uploads\/2024\/08\/restaurados-200x200.jpg 200w, https:\/\/maris.com.ar\/wp-content\/uploads\/2024\/08\/restaurados-100x100.jpg 100w, https:\/\/maris.com.ar\/wp-content\/uploads\/2024\/08\/restaurados-40x40.jpg 40w\" sizes=\"(max-width: 300px) 100vw, 300px\" \/><h2 class=\"woocommerce-loop-product__title\">Encendedores restaurados con garant\u00eda<\/h2>\n<\/a>\t<span id=\"woocommerce_loop_add_to_cart_link_describedby_5790\" class=\"screen-reader-text\">\n\t\t\t<\/span>\n<\/li>\n<li class=\"product type-product post-5934 status-publish instock product_cat-accesorios product_cat-encendedores product_cat-encendedores-de-coleccion has-post-thumbnail featured shipping-taxable purchasable product-type-simple\">\n\t<a href=\"https:\/\/maris.com.ar\/index.php\/producto\/mecha-y-piedra-para-encendedor-tipo-zippo-imco-carusita\/\" class=\"woocommerce-LoopProduct-link woocommerce-loop-product__link\"><img decoding=\"async\" width=\"300\" height=\"300\" src=\"https:\/\/maris.com.ar\/wp-content\/uploads\/2025\/02\/mecha-y-piedra-300x300.jpeg\" class=\"attachment-woocommerce_thumbnail size-woocommerce_thumbnail\" alt=\"Mecha y piedra para encendedor tipo Zippo Imco Carusita\" srcset=\"https:\/\/maris.com.ar\/wp-content\/uploads\/2025\/02\/mecha-y-piedra-300x300.jpeg 300w, https:\/\/maris.com.ar\/wp-content\/uploads\/2025\/02\/mecha-y-piedra-150x150.jpeg 150w, https:\/\/maris.com.ar\/wp-content\/uploads\/2025\/02\/mecha-y-piedra-200x200.jpeg 200w, https:\/\/maris.com.ar\/wp-content\/uploads\/2025\/02\/mecha-y-piedra-100x100.jpeg 100w, https:\/\/maris.com.ar\/wp-content\/uploads\/2025\/02\/mecha-y-piedra-40x40.jpeg 40w\" sizes=\"(max-width: 300px) 100vw, 300px\" \/><h2 class=\"woocommerce-loop-product__title\">Mecha y piedra para encendedor tipo Zippo Imco Carusita<\/h2>\n\t<span class=\"price\"><span class=\"woocommerce-Price-amount amount\"><bdi><span class=\"woocommerce-Price-currencySymbol\">&#36;<\/span>7000<\/bdi><\/span><\/span>\n<\/a>\t<span id=\"woocommerce_loop_add_to_cart_link_describedby_5934\" class=\"screen-reader-text\">\n\t\t\t<\/span>\n<\/li>\n<li class=\"product type-product post-5979 status-publish last instock product_cat-cigarros-y-habanos product_cat-encendedores product_cat-encendedores-de-coleccion has-post-thumbnail shipping-taxable purchasable product-type-simple\">\n\t<a href=\"https:\/\/maris.com.ar\/index.php\/producto\/tabaqueria-maris-la-1ra-en-reparaciones-de-encendedores-de-la-argentina\/\" class=\"woocommerce-LoopProduct-link woocommerce-loop-product__link\"><img loading=\"lazy\" decoding=\"async\" width=\"300\" height=\"300\" src=\"https:\/\/maris.com.ar\/wp-content\/uploads\/2021\/08\/service1-300x300.jpg\" class=\"attachment-woocommerce_thumbnail size-woocommerce_thumbnail\" alt=\"TABAQUER\u00cdA MARIS, la 1ra. en reparaciones de encendedores de la Argentina\" srcset=\"https:\/\/maris.com.ar\/wp-content\/uploads\/2021\/08\/service1-300x300.jpg 300w, https:\/\/maris.com.ar\/wp-content\/uploads\/2021\/08\/service1-100x100.jpg 100w, https:\/\/maris.com.ar\/wp-content\/uploads\/2021\/08\/service1-150x150.jpg 150w, https:\/\/maris.com.ar\/wp-content\/uploads\/2021\/08\/service1-200x200.jpg 200w\" sizes=\"(max-width: 300px) 100vw, 300px\" \/><h2 class=\"woocommerce-loop-product__title\">TABAQUER\u00cdA MARIS, la 1ra. en reparaciones de encendedores de la Argentina<\/h2>\n<\/a>\t<span id=\"woocommerce_loop_add_to_cart_link_describedby_5979\" class=\"screen-reader-text\">\n\t\t\t<\/span>\n<\/li>\n<li class=\"product type-product post-5978 status-publish first instock product_cat-accesorios product_cat-cigarros-y-habanos product_cat-encendedores product_cat-encendedores-de-coleccion product_cat-novedades has-post-thumbnail shipping-taxable purchasable product-type-simple\">\n\t<a href=\"https:\/\/maris.com.ar\/index.php\/producto\/tabaqueria-maris-lider-en-la-reparacion-de-encendedores-de-la-republica-argentina\/\" class=\"woocommerce-LoopProduct-link woocommerce-loop-product__link\"><img loading=\"lazy\" decoding=\"async\" width=\"196\" height=\"257\" src=\"https:\/\/maris.com.ar\/wp-content\/uploads\/2025\/05\/dupont2.jpg\" class=\"attachment-woocommerce_thumbnail size-woocommerce_thumbnail\" alt=\"TABAQUER\u00cdA MARIS, LIDER en la reparaci\u00f3n de encendedores de la Rep\u00fablica Argentina\" \/><h2 class=\"woocommerce-loop-product__title\">TABAQUER\u00cdA MARIS, LIDER en la reparaci\u00f3n de encendedores de la Rep\u00fablica Argentina<\/h2>\n<\/a>\t<span id=\"woocommerce_loop_add_to_cart_link_describedby_5978\" class=\"screen-reader-text\">\n\t\t\t<\/span>\n<\/li>\n<li class=\"product type-product post-5986 status-publish instock product_cat-accesorios product_cat-cigarros-y-habanos product_cat-encendedores product_cat-encendedores-de-coleccion product_cat-novedades has-post-thumbnail shipping-taxable purchasable product-type-simple\">\n\t<a href=\"https:\/\/maris.com.ar\/index.php\/producto\/tabaqueria-maris-la-1ra-en-reparaciones-de-encendedores-de-la-argentina-2\/\" class=\"woocommerce-LoopProduct-link woocommerce-loop-product__link\"><img loading=\"lazy\" decoding=\"async\" width=\"300\" height=\"300\" src=\"https:\/\/maris.com.ar\/wp-content\/uploads\/2021\/12\/destacado-categoria-encendedores-300x300.png\" class=\"attachment-woocommerce_thumbnail size-woocommerce_thumbnail\" alt=\"Categoria Encendedores\" srcset=\"https:\/\/maris.com.ar\/wp-content\/uploads\/2021\/12\/destacado-categoria-encendedores-300x300.png 300w, https:\/\/maris.com.ar\/wp-content\/uploads\/2021\/12\/destacado-categoria-encendedores-150x150.png 150w, https:\/\/maris.com.ar\/wp-content\/uploads\/2021\/12\/destacado-categoria-encendedores-200x200.png 200w, https:\/\/maris.com.ar\/wp-content\/uploads\/2021\/12\/destacado-categoria-encendedores-100x100.png 100w, https:\/\/maris.com.ar\/wp-content\/uploads\/2021\/12\/destacado-categoria-encendedores-40x40.png 40w\" sizes=\"(max-width: 300px) 100vw, 300px\" \/><h2 class=\"woocommerce-loop-product__title\">TABAQUER\u00cdA MARIS, la 1ra. en reparaciones de encendedores de la Argentina<\/h2>\n<\/a>\t<span id=\"woocommerce_loop_add_to_cart_link_describedby_5986\" class=\"screen-reader-text\">\n\t\t\t<\/span>\n<\/li>\n<li class=\"product type-product post-5988 status-publish instock product_cat-accesorios product_cat-cigarros-y-habanos product_cat-encendedores product_cat-encendedores-de-coleccion product_cat-pipas product_cat-pipas-de-coleccion-restauradas product_cat-tabaco-para-armar-cigarrillos product_cat-tabaco-para-narguile-shisha has-post-thumbnail shipping-taxable purchasable product-type-simple\">\n\t<a href=\"https:\/\/maris.com.ar\/index.php\/producto\/gas-encendedor-dupont-cargas-multiples-con-pico-amarillo-verde-y-rojo-adaptado-por-tabaqueria-maris-exclusivos-unicos-en-plaza\/\" class=\"woocommerce-LoopProduct-link woocommerce-loop-product__link\"><img loading=\"lazy\" decoding=\"async\" width=\"300\" height=\"300\" src=\"https:\/\/maris.com.ar\/wp-content\/uploads\/2025\/05\/CARGAS-DE-GAS-SIN-FONDO-300x300.png\" class=\"attachment-woocommerce_thumbnail size-woocommerce_thumbnail\" alt=\"Gas Encendedor DUPONT cargas multiples con pico Amarillo, Verde y Rojo Adaptado por Tabaqueria Maris - Exclusivos-UNICOS EN PLAZA\" srcset=\"https:\/\/maris.com.ar\/wp-content\/uploads\/2025\/05\/CARGAS-DE-GAS-SIN-FONDO-300x300.png 300w, https:\/\/maris.com.ar\/wp-content\/uploads\/2025\/05\/CARGAS-DE-GAS-SIN-FONDO-150x150.png 150w, https:\/\/maris.com.ar\/wp-content\/uploads\/2025\/05\/CARGAS-DE-GAS-SIN-FONDO-200x200.png 200w, https:\/\/maris.com.ar\/wp-content\/uploads\/2025\/05\/CARGAS-DE-GAS-SIN-FONDO-100x100.png 100w, https:\/\/maris.com.ar\/wp-content\/uploads\/2025\/05\/CARGAS-DE-GAS-SIN-FONDO-40x40.png 40w\" sizes=\"(max-width: 300px) 100vw, 300px\" \/><h2 class=\"woocommerce-loop-product__title\">Gas Encendedor DUPONT cargas multiples con pico Amarillo, Verde y Rojo Adaptado por Tabaqueria Maris &#8211; Exclusivos-UNICOS EN PLAZA<\/h2>\n\t<span class=\"price\"><span class=\"woocommerce-Price-amount amount\"><bdi><span class=\"woocommerce-Price-currencySymbol\">&#36;<\/span>35000<\/bdi><\/span><\/span>\n<\/a>\t<span id=\"woocommerce_loop_add_to_cart_link_describedby_5988\" class=\"screen-reader-text\">\n\t\t\t<\/span>\n<\/li>\n<li class=\"product type-product post-6066 status-publish last instock product_cat-encendedores product_cat-encendedores-de-coleccion has-post-thumbnail shipping-taxable purchasable product-type-simple\">\n\t<a href=\"https:\/\/maris.com.ar\/index.php\/producto\/lider-en-reparacion-de-encendedores\/\" class=\"woocommerce-LoopProduct-link woocommerce-loop-product__link\"><img loading=\"lazy\" decoding=\"async\" width=\"300\" height=\"300\" src=\"https:\/\/maris.com.ar\/wp-content\/uploads\/2025\/07\/3-300x300.jpg\" class=\"attachment-woocommerce_thumbnail size-woocommerce_thumbnail\" alt=\"LIDER en reparaci\u00f3n de encendedores\" srcset=\"https:\/\/maris.com.ar\/wp-content\/uploads\/2025\/07\/3-300x300.jpg 300w, https:\/\/maris.com.ar\/wp-content\/uploads\/2025\/07\/3-150x150.jpg 150w, https:\/\/maris.com.ar\/wp-content\/uploads\/2025\/07\/3-200x200.jpg 200w, https:\/\/maris.com.ar\/wp-content\/uploads\/2025\/07\/3-100x100.jpg 100w, https:\/\/maris.com.ar\/wp-content\/uploads\/2025\/07\/3-40x40.jpg 40w\" sizes=\"(max-width: 300px) 100vw, 300px\" \/><h2 class=\"woocommerce-loop-product__title\">LIDER en reparaci\u00f3n de encendedores<\/h2>\n<\/a>\t<span id=\"woocommerce_loop_add_to_cart_link_describedby_6066\" class=\"screen-reader-text\">\n\t\t\t<\/span>\n<\/li>\n<li class=\"product type-product post-6077 status-publish first instock product_cat-encendedores product_cat-encendedores-de-coleccion has-post-thumbnail shipping-taxable purchasable product-type-simple\">\n\t<a href=\"https:\/\/maris.com.ar\/index.php\/producto\/1ra-en-la-reparacion-de-encendedores-en-la-republica-argentina\/\" class=\"woocommerce-LoopProduct-link woocommerce-loop-product__link\"><img loading=\"lazy\" decoding=\"async\" width=\"300\" height=\"300\" src=\"https:\/\/maris.com.ar\/wp-content\/uploads\/2025\/07\/1-300x300.jpg\" class=\"attachment-woocommerce_thumbnail size-woocommerce_thumbnail\" alt=\"1ra. en la reparaci\u00f3n de encendedores en la Rep\u00fablica Argentina\" srcset=\"https:\/\/maris.com.ar\/wp-content\/uploads\/2025\/07\/1-300x300.jpg 300w, https:\/\/maris.com.ar\/wp-content\/uploads\/2025\/07\/1-150x150.jpg 150w, https:\/\/maris.com.ar\/wp-content\/uploads\/2025\/07\/1-768x768.jpg 768w, https:\/\/maris.com.ar\/wp-content\/uploads\/2025\/07\/1-200x200.jpg 200w, https:\/\/maris.com.ar\/wp-content\/uploads\/2025\/07\/1-100x100.jpg 100w, https:\/\/maris.com.ar\/wp-content\/uploads\/2025\/07\/1-40x40.jpg 40w, https:\/\/maris.com.ar\/wp-content\/uploads\/2025\/07\/1-600x600.jpg 600w, https:\/\/maris.com.ar\/wp-content\/uploads\/2025\/07\/1.jpg 1024w\" sizes=\"(max-width: 300px) 100vw, 300px\" \/><h2 class=\"woocommerce-loop-product__title\">1ra. en la reparaci\u00f3n de encendedores en la Rep\u00fablica Argentina<\/h2>\n<\/a>\t<span id=\"woocommerce_loop_add_to_cart_link_describedby_6077\" class=\"screen-reader-text\">\n\t\t\t<\/span>\n<\/li>\n<\/ul>\n<\/div>\n","protected":false},"excerpt":{"rendered":"","protected":false},"author":3,"featured_media":5572,"parent":0,"menu_order":0,"comment_status":"closed","ping_status":"closed","template":"","meta":{"om_disable_all_campaigns":false,"_monsterinsights_skip_tracking":false,"_monsterinsights_sitenote_active":false,"_monsterinsights_sitenote_note":"","_monsterinsights_sitenote_category":0,"_joinchat":[],"footnotes":""},"class_list":["post-5589","page","type-page","status-publish","has-post-thumbnail","hentry"],"aioseo_notices":[],"_links":{"self":[{"href":"https:\/\/maris.com.ar\/index.php\/wp-json\/wp\/v2\/pages\/5589","targetHints":{"allow":["GET"]}}],"collection":[{"href":"https:\/\/maris.com.ar\/index.php\/wp-json\/wp\/v2\/pages"}],"about":[{"href":"https:\/\/maris.com.ar\/index.php\/wp-json\/wp\/v2\/types\/page"}],"author":[{"embeddable":true,"href":"https:\/\/maris.com.ar\/index.php\/wp-json\/wp\/v2\/users\/3"}],"replies":[{"embeddable":true,"href":"https:\/\/maris.com.ar\/index.php\/wp-json\/wp\/v2\/comments?post=5589"}],"version-history":[{"count":1,"href":"https:\/\/maris.com.ar\/index.php\/wp-json\/wp\/v2\/pages\/5589\/revisions"}],"predecessor-version":[{"id":5590,"href":"https:\/\/maris.com.ar\/index.php\/wp-json\/wp\/v2\/pages\/5589\/revisions\/5590"}],"wp:featuredmedia":[{"embeddable":true,"href":"https:\/\/maris.com.ar\/index.php\/wp-json\/wp\/v2\/media\/5572"}],"wp:attachment":[{"href":"https:\/\/maris.com.ar\/index.php\/wp-json\/wp\/v2\/media?parent=5589"}],"curies":[{"name":"wp","href":"https:\/\/api.w.org\/{rel}","templated":true}]}}