{"id":4048,"date":"2021-08-30T22:47:16","date_gmt":"2021-08-30T22:47:16","guid":{"rendered":"https:\/\/maris.com.ar\/index.php\/producto\/papel-para-armar-ocb-canamo-de-1\/"},"modified":"2022-04-29T17:25:14","modified_gmt":"2022-04-29T17:25:14","slug":"papel-para-armar-ocb-canamo-de-1","status":"publish","type":"product","link":"https:\/\/maris.com.ar\/index.php\/producto\/papel-para-armar-ocb-canamo-de-1\/","title":{"rendered":"Papel para armar OCB C\u00c1\u00d1AMO de 1"},"content":{"rendered":"<p>Papel para armar OCB, 1 C\u00e1\u00f1amo Org\u00e1nico 50 hojas.<\/p>\n","protected":false},"excerpt":{"rendered":"<p>Papel para armar OCB, 1 C\u00e1\u00f1amo Org\u00e1nico 50 hojas. <a class=\"more-link\" href=\"https:\/\/maris.com.ar\/index.php\/producto\/papel-para-armar-ocb-canamo-de-1\/\"><\/a><\/p>\n","protected":false},"featured_media":4046,"template":"","meta":{"om_disable_all_campaigns":false,"_monsterinsights_skip_tracking":false,"_monsterinsights_sitenote_active":false,"_monsterinsights_sitenote_note":"","_monsterinsights_sitenote_category":0},"product_brand":[],"product_cat":[23],"product_tag":[],"class_list":{"0":"post-4048","1":"product","2":"type-product","3":"status-publish","4":"has-post-thumbnail","6":"product_cat-accesorios","8":"first","9":"instock","10":"shipping-taxable","11":"purchasable","12":"product-type-simple"},"aioseo_notices":[],"_links":{"self":[{"href":"https:\/\/maris.com.ar\/index.php\/wp-json\/wp\/v2\/product\/4048","targetHints":{"allow":["GET"]}}],"collection":[{"href":"https:\/\/maris.com.ar\/index.php\/wp-json\/wp\/v2\/product"}],"about":[{"href":"https:\/\/maris.com.ar\/index.php\/wp-json\/wp\/v2\/types\/product"}],"wp:featuredmedia":[{"embeddable":true,"href":"https:\/\/maris.com.ar\/index.php\/wp-json\/wp\/v2\/media\/4046"}],"wp:attachment":[{"href":"https:\/\/maris.com.ar\/index.php\/wp-json\/wp\/v2\/media?parent=4048"}],"wp:term":[{"taxonomy":"product_brand","embeddable":true,"href":"https:\/\/maris.com.ar\/index.php\/wp-json\/wp\/v2\/product_brand?post=4048"},{"taxonomy":"product_cat","embeddable":true,"href":"https:\/\/maris.com.ar\/index.php\/wp-json\/wp\/v2\/product_cat?post=4048"},{"taxonomy":"product_tag","embeddable":true,"href":"https:\/\/maris.com.ar\/index.php\/wp-json\/wp\/v2\/product_tag?post=4048"}],"curies":[{"name":"wp","href":"https:\/\/api.w.org\/{rel}","templated":true}]}}