{"id":4072,"date":"2021-08-30T22:47:27","date_gmt":"2021-08-30T22:47:27","guid":{"rendered":"https:\/\/maris.com.ar\/index.php\/producto\/posa-pipas-para-6-unidades\/"},"modified":"2022-07-19T16:55:18","modified_gmt":"2022-07-19T16:55:18","slug":"posa-pipas-para-6-unidades","status":"publish","type":"product","link":"https:\/\/maris.com.ar\/index.php\/producto\/posa-pipas-para-6-unidades\/","title":{"rendered":"Posa pipas para 6 unidades"},"content":{"rendered":"<p>Posa pipas confeccionado en madera lustrada, construcci\u00f3n &#8220;artesal&#8221;- con capacidad para&nbsp;6 pipas. Base&nbsp; con protecci\u00f3n para evitar rayones en muebles. Fabricaci\u00f3n artesanal. Largo 29.5 cm alto 10 cm ancho 9.5 cm. medidas aproximadas. color marr\u00f3n oscuro.<\/p>\n","protected":false},"excerpt":{"rendered":"<p>Posa pipas confeccionado en madera , artesanal- con capacidad para 6 pipas. <a class=\"more-link\" href=\"https:\/\/maris.com.ar\/index.php\/producto\/posa-pipas-para-6-unidades\/\"><\/a><\/p>\n","protected":false},"featured_media":4071,"template":"","meta":{"om_disable_all_campaigns":false,"_monsterinsights_skip_tracking":false,"_monsterinsights_sitenote_active":false,"_monsterinsights_sitenote_note":"","_monsterinsights_sitenote_category":0},"product_brand":[],"product_cat":[23],"product_tag":[],"class_list":{"0":"post-4072","1":"product","2":"type-product","3":"status-publish","4":"has-post-thumbnail","6":"product_cat-accesorios","8":"first","9":"instock","10":"shipping-taxable","11":"purchasable","12":"product-type-simple"},"aioseo_notices":[],"_links":{"self":[{"href":"https:\/\/maris.com.ar\/index.php\/wp-json\/wp\/v2\/product\/4072","targetHints":{"allow":["GET"]}}],"collection":[{"href":"https:\/\/maris.com.ar\/index.php\/wp-json\/wp\/v2\/product"}],"about":[{"href":"https:\/\/maris.com.ar\/index.php\/wp-json\/wp\/v2\/types\/product"}],"wp:featuredmedia":[{"embeddable":true,"href":"https:\/\/maris.com.ar\/index.php\/wp-json\/wp\/v2\/media\/4071"}],"wp:attachment":[{"href":"https:\/\/maris.com.ar\/index.php\/wp-json\/wp\/v2\/media?parent=4072"}],"wp:term":[{"taxonomy":"product_brand","embeddable":true,"href":"https:\/\/maris.com.ar\/index.php\/wp-json\/wp\/v2\/product_brand?post=4072"},{"taxonomy":"product_cat","embeddable":true,"href":"https:\/\/maris.com.ar\/index.php\/wp-json\/wp\/v2\/product_cat?post=4072"},{"taxonomy":"product_tag","embeddable":true,"href":"https:\/\/maris.com.ar\/index.php\/wp-json\/wp\/v2\/product_tag?post=4072"}],"curies":[{"name":"wp","href":"https:\/\/api.w.org\/{rel}","templated":true}]}}