{"id":4083,"date":"2021-08-30T22:47:42","date_gmt":"2021-08-30T22:47:42","guid":{"rendered":"https:\/\/maris.com.ar\/index.php\/producto\/cafe-creme-filter-tip-arome\/"},"modified":"2022-04-29T17:21:52","modified_gmt":"2022-04-29T17:21:52","slug":"cafe-creme-filter-tip-arome","status":"publish","type":"product","link":"https:\/\/maris.com.ar\/index.php\/producto\/cafe-creme-filter-tip-arome\/","title":{"rendered":"Cafe Cr\u00e9me Filter Tip Arom\u00e9"},"content":{"rendered":"<p>Cigarritos con boquilla y filtro Caf\u00e9 Cr\u00e9me Filter Tip Arome. Presentaci\u00f3n lata de 10 unidades.<\/p>\n","protected":false},"excerpt":{"rendered":"<p>Cigarritos con boquilla y filtro Caf\u00e9 Cr\u00e9me Filter Tip Arome. Presentaci\u00f3n lata de 10 unidades. <a class=\"more-link\" href=\"https:\/\/maris.com.ar\/index.php\/producto\/cafe-creme-filter-tip-arome\/\"><\/a><\/p>\n","protected":false},"featured_media":4082,"template":"","meta":{"om_disable_all_campaigns":false,"_monsterinsights_skip_tracking":false,"_monsterinsights_sitenote_active":false,"_monsterinsights_sitenote_note":"","_monsterinsights_sitenote_category":0},"product_brand":[],"product_cat":[53],"product_tag":[],"class_list":{"0":"post-4083","1":"product","2":"type-product","3":"status-publish","4":"has-post-thumbnail","6":"product_cat-cigarros-y-habanos","8":"first","9":"instock","10":"shipping-taxable","11":"purchasable","12":"product-type-simple"},"aioseo_notices":[],"_links":{"self":[{"href":"https:\/\/maris.com.ar\/index.php\/wp-json\/wp\/v2\/product\/4083","targetHints":{"allow":["GET"]}}],"collection":[{"href":"https:\/\/maris.com.ar\/index.php\/wp-json\/wp\/v2\/product"}],"about":[{"href":"https:\/\/maris.com.ar\/index.php\/wp-json\/wp\/v2\/types\/product"}],"wp:featuredmedia":[{"embeddable":true,"href":"https:\/\/maris.com.ar\/index.php\/wp-json\/wp\/v2\/media\/4082"}],"wp:attachment":[{"href":"https:\/\/maris.com.ar\/index.php\/wp-json\/wp\/v2\/media?parent=4083"}],"wp:term":[{"taxonomy":"product_brand","embeddable":true,"href":"https:\/\/maris.com.ar\/index.php\/wp-json\/wp\/v2\/product_brand?post=4083"},{"taxonomy":"product_cat","embeddable":true,"href":"https:\/\/maris.com.ar\/index.php\/wp-json\/wp\/v2\/product_cat?post=4083"},{"taxonomy":"product_tag","embeddable":true,"href":"https:\/\/maris.com.ar\/index.php\/wp-json\/wp\/v2\/product_tag?post=4083"}],"curies":[{"name":"wp","href":"https:\/\/api.w.org\/{rel}","templated":true}]}}