{"id":4126,"date":"2021-08-30T22:48:18","date_gmt":"2021-08-30T22:48:18","guid":{"rendered":"https:\/\/maris.com.ar\/index.php\/producto\/pila-la-fotografia-625-boton\/"},"modified":"2024-04-30T16:37:58","modified_gmt":"2024-04-30T16:37:58","slug":"pila-la-fotografia-625-boton","status":"publish","type":"product","link":"https:\/\/maris.com.ar\/index.php\/producto\/pila-la-fotografia-625-boton\/","title":{"rendered":"Pila la fotograf\u00eda 625 bot\u00f3n"},"content":{"rendered":"<p>Pila la fotograf\u00eda 625 bot\u00f3n, 1.55 volts<\/p>\n","protected":false},"excerpt":{"rendered":"<p>Pila la fotograf\u00eda 625 bot\u00f3n, 1.55volts <a class=\"more-link\" href=\"https:\/\/maris.com.ar\/index.php\/producto\/pila-la-fotografia-625-boton\/\"><\/a><\/p>\n","protected":false},"featured_media":4125,"template":"","meta":{"om_disable_all_campaigns":false,"_monsterinsights_skip_tracking":false,"_monsterinsights_sitenote_active":false,"_monsterinsights_sitenote_note":"","_monsterinsights_sitenote_category":0},"product_brand":[],"product_cat":[27],"product_tag":[],"class_list":{"0":"post-4126","1":"product","2":"type-product","3":"status-publish","4":"has-post-thumbnail","6":"product_cat-pilas","8":"first","9":"outofstock","10":"shipping-taxable","11":"purchasable","12":"product-type-simple"},"aioseo_notices":[],"_links":{"self":[{"href":"https:\/\/maris.com.ar\/index.php\/wp-json\/wp\/v2\/product\/4126","targetHints":{"allow":["GET"]}}],"collection":[{"href":"https:\/\/maris.com.ar\/index.php\/wp-json\/wp\/v2\/product"}],"about":[{"href":"https:\/\/maris.com.ar\/index.php\/wp-json\/wp\/v2\/types\/product"}],"wp:featuredmedia":[{"embeddable":true,"href":"https:\/\/maris.com.ar\/index.php\/wp-json\/wp\/v2\/media\/4125"}],"wp:attachment":[{"href":"https:\/\/maris.com.ar\/index.php\/wp-json\/wp\/v2\/media?parent=4126"}],"wp:term":[{"taxonomy":"product_brand","embeddable":true,"href":"https:\/\/maris.com.ar\/index.php\/wp-json\/wp\/v2\/product_brand?post=4126"},{"taxonomy":"product_cat","embeddable":true,"href":"https:\/\/maris.com.ar\/index.php\/wp-json\/wp\/v2\/product_cat?post=4126"},{"taxonomy":"product_tag","embeddable":true,"href":"https:\/\/maris.com.ar\/index.php\/wp-json\/wp\/v2\/product_tag?post=4126"}],"curies":[{"name":"wp","href":"https:\/\/api.w.org\/{rel}","templated":true}]}}