{"id":4128,"date":"2021-08-30T22:48:19","date_gmt":"2021-08-30T22:48:19","guid":{"rendered":"https:\/\/maris.com.ar\/index.php\/producto\/pila-mb-105-new-energy\/"},"modified":"2022-04-29T17:31:34","modified_gmt":"2022-04-29T17:31:34","slug":"pila-mb-105-new-energy","status":"publish","type":"product","link":"https:\/\/maris.com.ar\/index.php\/producto\/pila-mb-105-new-energy\/","title":{"rendered":"Pila MB-105 New Energy"},"content":{"rendered":"<p>Pila de ultima generaci\u00f3n Nickel Metal, larga duraci\u00f3n, sin memoria, con plug para&nbsp;PANASONIC &nbsp;GE NW BELL SHARP TECH. 830mAh&nbsp; 2.4V<\/p>\n","protected":false},"excerpt":{"rendered":"<p>Pila para tel\u00e9fono inal\u00e1mbrico Nueva Generaci\u00f3n Nickel Metal Sanyo &#8211; GE tama\u00f1o 2 AAA <a class=\"more-link\" href=\"https:\/\/maris.com.ar\/index.php\/producto\/pila-mb-105-new-energy\/\"><\/a><\/p>\n","protected":false},"featured_media":4127,"template":"","meta":{"om_disable_all_campaigns":false,"_monsterinsights_skip_tracking":false,"_monsterinsights_sitenote_active":false,"_monsterinsights_sitenote_note":"","_monsterinsights_sitenote_category":0},"product_brand":[],"product_cat":[27],"product_tag":[],"class_list":{"0":"post-4128","1":"product","2":"type-product","3":"status-publish","4":"has-post-thumbnail","6":"product_cat-pilas","8":"first","9":"instock","10":"shipping-taxable","11":"purchasable","12":"product-type-simple"},"aioseo_notices":[],"_links":{"self":[{"href":"https:\/\/maris.com.ar\/index.php\/wp-json\/wp\/v2\/product\/4128","targetHints":{"allow":["GET"]}}],"collection":[{"href":"https:\/\/maris.com.ar\/index.php\/wp-json\/wp\/v2\/product"}],"about":[{"href":"https:\/\/maris.com.ar\/index.php\/wp-json\/wp\/v2\/types\/product"}],"wp:featuredmedia":[{"embeddable":true,"href":"https:\/\/maris.com.ar\/index.php\/wp-json\/wp\/v2\/media\/4127"}],"wp:attachment":[{"href":"https:\/\/maris.com.ar\/index.php\/wp-json\/wp\/v2\/media?parent=4128"}],"wp:term":[{"taxonomy":"product_brand","embeddable":true,"href":"https:\/\/maris.com.ar\/index.php\/wp-json\/wp\/v2\/product_brand?post=4128"},{"taxonomy":"product_cat","embeddable":true,"href":"https:\/\/maris.com.ar\/index.php\/wp-json\/wp\/v2\/product_cat?post=4128"},{"taxonomy":"product_tag","embeddable":true,"href":"https:\/\/maris.com.ar\/index.php\/wp-json\/wp\/v2\/product_tag?post=4128"}],"curies":[{"name":"wp","href":"https:\/\/api.w.org\/{rel}","templated":true}]}}