{"id":4141,"date":"2021-08-30T22:48:22","date_gmt":"2021-08-30T22:48:22","guid":{"rendered":"https:\/\/maris.com.ar\/index.php\/producto\/pila-de-oxido-de-plata-392\/"},"modified":"2022-04-29T17:31:08","modified_gmt":"2022-04-29T17:31:08","slug":"pila-de-oxido-de-plata-392","status":"publish","type":"product","link":"https:\/\/maris.com.ar\/index.php\/producto\/pila-de-oxido-de-plata-392\/","title":{"rendered":"Pila de \u00f3xido de plata 392"},"content":{"rendered":"<p>Pila de \u00f3xido de plata de 1,5 volts. Usos: relojes, term\u00f3metros, calculadoras y agendas.<\/p>\n","protected":false},"excerpt":{"rendered":"<p>Pila de \u00f3xido de plata de 1,5 volts. Usos: relojes, term\u00f3metros, calculadoras y agendas. <a class=\"more-link\" href=\"https:\/\/maris.com.ar\/index.php\/producto\/pila-de-oxido-de-plata-392\/\"><\/a><\/p>\n","protected":false},"featured_media":4140,"template":"","meta":{"om_disable_all_campaigns":false,"_monsterinsights_skip_tracking":false,"_monsterinsights_sitenote_active":false,"_monsterinsights_sitenote_note":"","_monsterinsights_sitenote_category":0},"product_brand":[],"product_cat":[27],"product_tag":[],"class_list":{"0":"post-4141","1":"product","2":"type-product","3":"status-publish","4":"has-post-thumbnail","6":"product_cat-pilas","8":"first","9":"instock","10":"shipping-taxable","11":"purchasable","12":"product-type-simple"},"aioseo_notices":[],"_links":{"self":[{"href":"https:\/\/maris.com.ar\/index.php\/wp-json\/wp\/v2\/product\/4141","targetHints":{"allow":["GET"]}}],"collection":[{"href":"https:\/\/maris.com.ar\/index.php\/wp-json\/wp\/v2\/product"}],"about":[{"href":"https:\/\/maris.com.ar\/index.php\/wp-json\/wp\/v2\/types\/product"}],"wp:featuredmedia":[{"embeddable":true,"href":"https:\/\/maris.com.ar\/index.php\/wp-json\/wp\/v2\/media\/4140"}],"wp:attachment":[{"href":"https:\/\/maris.com.ar\/index.php\/wp-json\/wp\/v2\/media?parent=4141"}],"wp:term":[{"taxonomy":"product_brand","embeddable":true,"href":"https:\/\/maris.com.ar\/index.php\/wp-json\/wp\/v2\/product_brand?post=4141"},{"taxonomy":"product_cat","embeddable":true,"href":"https:\/\/maris.com.ar\/index.php\/wp-json\/wp\/v2\/product_cat?post=4141"},{"taxonomy":"product_tag","embeddable":true,"href":"https:\/\/maris.com.ar\/index.php\/wp-json\/wp\/v2\/product_tag?post=4141"}],"curies":[{"name":"wp","href":"https:\/\/api.w.org\/{rel}","templated":true}]}}