{"id":4166,"date":"2021-08-30T22:48:26","date_gmt":"2021-08-30T22:48:26","guid":{"rendered":"https:\/\/maris.com.ar\/index.php\/producto\/pila-rayovac-n-10-extras\/"},"modified":"2022-04-29T17:29:06","modified_gmt":"2022-04-29T17:29:06","slug":"pila-rayovac-n-10-extras","status":"publish","type":"product","link":"https:\/\/maris.com.ar\/index.php\/producto\/pila-rayovac-n-10-extras\/","title":{"rendered":"Pila Rayovac N\u00b0 10 EXTRAS"},"content":{"rendered":"<p>Pila para audiolog\u00eda n\u00famero 10, composici\u00f3n Zinc Aire. Pila para audiolog\u00eda n\u00famero 10, composici\u00f3n Zinc Aire. Presentaci\u00f3n blister por 6 unidades.- Calidad EXTRA<\/p>\n","protected":false},"excerpt":{"rendered":"<p>Pila para audiolog\u00eda n\u00famero 10, composici\u00f3n Zinc Aire. Presentaci\u00f3n blister por 6 unidades <a class=\"more-link\" href=\"https:\/\/maris.com.ar\/index.php\/producto\/pila-rayovac-n-10-extras\/\"><\/a><\/p>\n","protected":false},"featured_media":4165,"template":"","meta":{"om_disable_all_campaigns":false,"_monsterinsights_skip_tracking":false,"_monsterinsights_sitenote_active":false,"_monsterinsights_sitenote_note":"","_monsterinsights_sitenote_category":0},"product_brand":[],"product_cat":[27],"product_tag":[],"class_list":{"0":"post-4166","1":"product","2":"type-product","3":"status-publish","4":"has-post-thumbnail","6":"product_cat-pilas","8":"first","9":"instock","10":"shipping-taxable","11":"purchasable","12":"product-type-simple"},"aioseo_notices":[],"_links":{"self":[{"href":"https:\/\/maris.com.ar\/index.php\/wp-json\/wp\/v2\/product\/4166","targetHints":{"allow":["GET"]}}],"collection":[{"href":"https:\/\/maris.com.ar\/index.php\/wp-json\/wp\/v2\/product"}],"about":[{"href":"https:\/\/maris.com.ar\/index.php\/wp-json\/wp\/v2\/types\/product"}],"wp:featuredmedia":[{"embeddable":true,"href":"https:\/\/maris.com.ar\/index.php\/wp-json\/wp\/v2\/media\/4165"}],"wp:attachment":[{"href":"https:\/\/maris.com.ar\/index.php\/wp-json\/wp\/v2\/media?parent=4166"}],"wp:term":[{"taxonomy":"product_brand","embeddable":true,"href":"https:\/\/maris.com.ar\/index.php\/wp-json\/wp\/v2\/product_brand?post=4166"},{"taxonomy":"product_cat","embeddable":true,"href":"https:\/\/maris.com.ar\/index.php\/wp-json\/wp\/v2\/product_cat?post=4166"},{"taxonomy":"product_tag","embeddable":true,"href":"https:\/\/maris.com.ar\/index.php\/wp-json\/wp\/v2\/product_tag?post=4166"}],"curies":[{"name":"wp","href":"https:\/\/api.w.org\/{rel}","templated":true}]}}