{"id":4175,"date":"2021-08-30T22:48:49","date_gmt":"2021-08-30T22:48:49","guid":{"rendered":"https:\/\/maris.com.ar\/index.php\/producto\/francisco-de-miranda-robusto-l-azul-x-unidad\/"},"modified":"2022-06-21T21:14:06","modified_gmt":"2022-06-21T21:14:06","slug":"francisco-de-miranda-robusto-l-azul-x-unidad","status":"publish","type":"product","link":"https:\/\/maris.com.ar\/index.php\/producto\/francisco-de-miranda-robusto-l-azul-x-unidad\/","title":{"rendered":"Francisco de Miranda ROBUSTO (L. Azul) x unidad"},"content":{"rendered":"<p>Un blend con cuerpo que conserva las caracter\u00edsticas de un cigarro premium, excelente armado, muy buen tiraje y combusti\u00f3n. T\u00edpico cigarro Dominicano de gran car\u00e1cter. 50 X 5 MM<\/p>\n","protected":false},"excerpt":{"rendered":"<p>Cigarro elaborado a mano con los mejores tabacos Dominicanos. <a class=\"more-link\" href=\"https:\/\/maris.com.ar\/index.php\/producto\/francisco-de-miranda-robusto-l-azul-x-unidad\/\"><\/a><\/p>\n","protected":false},"featured_media":4122,"template":"","meta":{"om_disable_all_campaigns":false,"_monsterinsights_skip_tracking":false,"_monsterinsights_sitenote_active":false,"_monsterinsights_sitenote_note":"","_monsterinsights_sitenote_category":0},"product_brand":[],"product_cat":[53,29],"product_tag":[],"class_list":{"0":"post-4175","1":"product","2":"type-product","3":"status-publish","4":"has-post-thumbnail","6":"product_cat-cigarros-y-habanos","7":"product_cat-puros","9":"first","10":"instock","11":"featured","12":"shipping-taxable","13":"purchasable","14":"product-type-simple"},"aioseo_notices":[],"_links":{"self":[{"href":"https:\/\/maris.com.ar\/index.php\/wp-json\/wp\/v2\/product\/4175","targetHints":{"allow":["GET"]}}],"collection":[{"href":"https:\/\/maris.com.ar\/index.php\/wp-json\/wp\/v2\/product"}],"about":[{"href":"https:\/\/maris.com.ar\/index.php\/wp-json\/wp\/v2\/types\/product"}],"wp:featuredmedia":[{"embeddable":true,"href":"https:\/\/maris.com.ar\/index.php\/wp-json\/wp\/v2\/media\/4122"}],"wp:attachment":[{"href":"https:\/\/maris.com.ar\/index.php\/wp-json\/wp\/v2\/media?parent=4175"}],"wp:term":[{"taxonomy":"product_brand","embeddable":true,"href":"https:\/\/maris.com.ar\/index.php\/wp-json\/wp\/v2\/product_brand?post=4175"},{"taxonomy":"product_cat","embeddable":true,"href":"https:\/\/maris.com.ar\/index.php\/wp-json\/wp\/v2\/product_cat?post=4175"},{"taxonomy":"product_tag","embeddable":true,"href":"https:\/\/maris.com.ar\/index.php\/wp-json\/wp\/v2\/product_tag?post=4175"}],"curies":[{"name":"wp","href":"https:\/\/api.w.org\/{rel}","templated":true}]}}