{"id":4275,"date":"2021-08-30T22:49:47","date_gmt":"2021-08-30T22:49:47","guid":{"rendered":"https:\/\/maris.com.ar\/index.php\/producto\/samuel-gawith-genuine-english-snuff-dr-vereys-p\/"},"modified":"2022-04-29T16:07:56","modified_gmt":"2022-04-29T16:07:56","slug":"samuel-gawith-genuine-english-snuff-dr-vereys-p","status":"publish","type":"product","link":"https:\/\/maris.com.ar\/index.php\/producto\/samuel-gawith-genuine-english-snuff-dr-vereys-p\/","title":{"rendered":"Samuel Gawith Genuine English Snuff- Dr. Verey\u00b4s P"},"content":{"rendered":"<p>La variedad Dr. Verey\u00b4s Plus est\u00e1 producido en base a una mezcla de tabacos, con un grado de humedad entre seco y semi h\u00famedo, color marr\u00f3n medio y un aroma que combina mentol y diferentes perfumes.<\/p>\n<p>En nuestros d\u00edas, el consumo del tabaco rap\u00e9 esta volviendo a tener un renacimiento a escala mundial.<\/p>\n<p>Descubra esta forma de disfrutar del tabaco sin humo y que es, al mismo tiempo, respetuosa con el medio ambiente<\/p>\n","protected":false},"excerpt":{"rendered":"<p>Tabaco molido aromatizado para inhalar, en presentaci\u00f3n de 10grs. Variedad Dr. Verey\u00b4s Plus <a class=\"more-link\" href=\"https:\/\/maris.com.ar\/index.php\/producto\/samuel-gawith-genuine-english-snuff-dr-vereys-p\/\"><\/a><\/p>\n","protected":false},"featured_media":4273,"template":"","meta":{"om_disable_all_campaigns":false,"_monsterinsights_skip_tracking":false,"_monsterinsights_sitenote_active":false,"_monsterinsights_sitenote_note":"","_monsterinsights_sitenote_category":0},"product_brand":[],"product_cat":[53,31,22],"product_tag":[],"class_list":{"0":"post-4275","1":"product","2":"type-product","3":"status-publish","4":"has-post-thumbnail","6":"product_cat-cigarros-y-habanos","7":"product_cat-tabaco-para-armar-cigarrillos","8":"product_cat-tabaco-para-pipa","10":"first","11":"outofstock","12":"shipping-taxable","13":"purchasable","14":"product-type-simple"},"aioseo_notices":[],"_links":{"self":[{"href":"https:\/\/maris.com.ar\/index.php\/wp-json\/wp\/v2\/product\/4275","targetHints":{"allow":["GET"]}}],"collection":[{"href":"https:\/\/maris.com.ar\/index.php\/wp-json\/wp\/v2\/product"}],"about":[{"href":"https:\/\/maris.com.ar\/index.php\/wp-json\/wp\/v2\/types\/product"}],"wp:featuredmedia":[{"embeddable":true,"href":"https:\/\/maris.com.ar\/index.php\/wp-json\/wp\/v2\/media\/4273"}],"wp:attachment":[{"href":"https:\/\/maris.com.ar\/index.php\/wp-json\/wp\/v2\/media?parent=4275"}],"wp:term":[{"taxonomy":"product_brand","embeddable":true,"href":"https:\/\/maris.com.ar\/index.php\/wp-json\/wp\/v2\/product_brand?post=4275"},{"taxonomy":"product_cat","embeddable":true,"href":"https:\/\/maris.com.ar\/index.php\/wp-json\/wp\/v2\/product_cat?post=4275"},{"taxonomy":"product_tag","embeddable":true,"href":"https:\/\/maris.com.ar\/index.php\/wp-json\/wp\/v2\/product_tag?post=4275"}],"curies":[{"name":"wp","href":"https:\/\/api.w.org\/{rel}","templated":true}]}}