{"id":4305,"date":"2021-08-30T22:50:06","date_gmt":"2021-08-30T22:50:06","guid":{"rendered":"https:\/\/maris.com.ar\/index.php\/producto\/mac-baren-7-seas-royal-blend\/"},"modified":"2025-06-28T01:05:32","modified_gmt":"2025-06-28T01:05:32","slug":"mac-baren-7-seas-royal-blend","status":"publish","type":"product","link":"https:\/\/maris.com.ar\/index.php\/producto\/mac-baren-7-seas-royal-blend\/","title":{"rendered":"Mac Baren 7 Seas- Royal Blend"},"content":{"rendered":"<p>Una mezcla brillante y arom\u00e1tica, con Virginias, Burleys y un toque de negro Cavendish en perfecta combinaci\u00f3n.<\/p>\n<p>F\u00e1cil de llenar en su pipa, al encenderlo disfrutar\u00e1 de un dulzor suave, a base de vainilla y notas de miel suave y dulce, junto con un matiz de frutas d\u00e9bil.<\/p>\n","protected":false},"excerpt":{"rendered":"<p>Tabaco para pipa con tabaco Virginia, Burleys y un toque de Negro Cavendish. Presentaci\u00f3n paquete pouch de 40 gr. <a class=\"more-link\" href=\"https:\/\/maris.com.ar\/index.php\/producto\/mac-baren-7-seas-royal-blend\/\"><\/a><\/p>\n","protected":false},"featured_media":4304,"template":"","meta":{"om_disable_all_campaigns":false,"_monsterinsights_skip_tracking":false,"_monsterinsights_sitenote_active":false,"_monsterinsights_sitenote_note":"","_monsterinsights_sitenote_category":0},"product_brand":[],"product_cat":[22],"product_tag":[],"class_list":{"0":"post-4305","1":"product","2":"type-product","3":"status-publish","4":"has-post-thumbnail","6":"product_cat-tabaco-para-pipa","8":"first","9":"outofstock","10":"featured","11":"shipping-taxable","12":"purchasable","13":"product-type-simple"},"aioseo_notices":[],"_links":{"self":[{"href":"https:\/\/maris.com.ar\/index.php\/wp-json\/wp\/v2\/product\/4305","targetHints":{"allow":["GET"]}}],"collection":[{"href":"https:\/\/maris.com.ar\/index.php\/wp-json\/wp\/v2\/product"}],"about":[{"href":"https:\/\/maris.com.ar\/index.php\/wp-json\/wp\/v2\/types\/product"}],"wp:featuredmedia":[{"embeddable":true,"href":"https:\/\/maris.com.ar\/index.php\/wp-json\/wp\/v2\/media\/4304"}],"wp:attachment":[{"href":"https:\/\/maris.com.ar\/index.php\/wp-json\/wp\/v2\/media?parent=4305"}],"wp:term":[{"taxonomy":"product_brand","embeddable":true,"href":"https:\/\/maris.com.ar\/index.php\/wp-json\/wp\/v2\/product_brand?post=4305"},{"taxonomy":"product_cat","embeddable":true,"href":"https:\/\/maris.com.ar\/index.php\/wp-json\/wp\/v2\/product_cat?post=4305"},{"taxonomy":"product_tag","embeddable":true,"href":"https:\/\/maris.com.ar\/index.php\/wp-json\/wp\/v2\/product_tag?post=4305"}],"curies":[{"name":"wp","href":"https:\/\/api.w.org\/{rel}","templated":true}]}}