{"id":4309,"date":"2021-08-30T22:50:07","date_gmt":"2021-08-30T22:50:07","guid":{"rendered":"https:\/\/maris.com.ar\/index.php\/producto\/mac-baren-7-seas-regular-blend\/"},"modified":"2025-06-28T01:05:16","modified_gmt":"2025-06-28T01:05:16","slug":"mac-baren-7-seas-regular-blend","status":"publish","type":"product","link":"https:\/\/maris.com.ar\/index.php\/producto\/mac-baren-7-seas-regular-blend\/","title":{"rendered":"Mac Baren 7 Seas- Regular Blend"},"content":{"rendered":"<p>Una mezcla arom\u00e1tica de Virginias dorados, Burleys de color marr\u00f3n claro y negro Cavendish. Al encender ser\u00e1 recibido por el sabor dulce y ligero, con una base de vainilla y notas de chocolate.<\/p>\n<p>Disfrute de una mezcla suave de tabaco verdaderamente aterciopelada, con una s\u00f3lida base de matices de vainilla y de chocolate.<\/p>\n","protected":false},"excerpt":{"rendered":"<p>Tabaco para pipa suave de corte regular. Presentaci\u00f3n paquete pouch de 40 gr. <a class=\"more-link\" href=\"https:\/\/maris.com.ar\/index.php\/producto\/mac-baren-7-seas-regular-blend\/\"><\/a><\/p>\n","protected":false},"featured_media":4308,"template":"","meta":{"om_disable_all_campaigns":false,"_monsterinsights_skip_tracking":false,"_monsterinsights_sitenote_active":false,"_monsterinsights_sitenote_note":"","_monsterinsights_sitenote_category":0},"product_brand":[],"product_cat":[22],"product_tag":[],"class_list":{"0":"post-4309","1":"product","2":"type-product","3":"status-publish","4":"has-post-thumbnail","6":"product_cat-tabaco-para-pipa","8":"first","9":"outofstock","10":"shipping-taxable","11":"purchasable","12":"product-type-simple"},"aioseo_notices":[],"_links":{"self":[{"href":"https:\/\/maris.com.ar\/index.php\/wp-json\/wp\/v2\/product\/4309","targetHints":{"allow":["GET"]}}],"collection":[{"href":"https:\/\/maris.com.ar\/index.php\/wp-json\/wp\/v2\/product"}],"about":[{"href":"https:\/\/maris.com.ar\/index.php\/wp-json\/wp\/v2\/types\/product"}],"wp:featuredmedia":[{"embeddable":true,"href":"https:\/\/maris.com.ar\/index.php\/wp-json\/wp\/v2\/media\/4308"}],"wp:attachment":[{"href":"https:\/\/maris.com.ar\/index.php\/wp-json\/wp\/v2\/media?parent=4309"}],"wp:term":[{"taxonomy":"product_brand","embeddable":true,"href":"https:\/\/maris.com.ar\/index.php\/wp-json\/wp\/v2\/product_brand?post=4309"},{"taxonomy":"product_cat","embeddable":true,"href":"https:\/\/maris.com.ar\/index.php\/wp-json\/wp\/v2\/product_cat?post=4309"},{"taxonomy":"product_tag","embeddable":true,"href":"https:\/\/maris.com.ar\/index.php\/wp-json\/wp\/v2\/product_tag?post=4309"}],"curies":[{"name":"wp","href":"https:\/\/api.w.org\/{rel}","templated":true}]}}