{"id":4313,"date":"2021-08-30T22:50:08","date_gmt":"2021-08-30T22:50:08","guid":{"rendered":"https:\/\/maris.com.ar\/index.php\/producto\/tabaco-para-pipa-black-and-bright\/"},"modified":"2025-06-28T01:19:02","modified_gmt":"2025-06-28T01:19:02","slug":"tabaco-para-pipa-black-and-bright","status":"publish","type":"product","link":"https:\/\/maris.com.ar\/index.php\/producto\/tabaco-para-pipa-black-and-bright\/","title":{"rendered":"Tabaco para pipa Black and Bright"},"content":{"rendered":"<p>Mezcla de tabacos Virginia provenientes de Am\u00e9rica y \u00c1frica Central. Doble fermentaci\u00f3n que proporciona un sabor de larga duraci\u00f3n y delicioso aroma de vainilla natural con tintes frescos y ahumados.<\/p>\n","protected":false},"excerpt":{"rendered":"<p>Tabaco mezcla Virgina proveniente de America latina y \u00c1frica Central, Doble fermentaci\u00f3n y aromatizado con vainilla. Presentaci\u00f3n por 50 gr. <a class=\"more-link\" href=\"https:\/\/maris.com.ar\/index.php\/producto\/tabaco-para-pipa-black-and-bright\/\"><\/a><\/p>\n","protected":false},"featured_media":4312,"template":"","meta":{"om_disable_all_campaigns":false,"_monsterinsights_skip_tracking":false,"_monsterinsights_sitenote_active":false,"_monsterinsights_sitenote_note":"","_monsterinsights_sitenote_category":0},"product_brand":[],"product_cat":[22],"product_tag":[],"class_list":{"0":"post-4313","1":"product","2":"type-product","3":"status-publish","4":"has-post-thumbnail","6":"product_cat-tabaco-para-pipa","8":"first","9":"outofstock","10":"shipping-taxable","11":"purchasable","12":"product-type-simple"},"aioseo_notices":[],"_links":{"self":[{"href":"https:\/\/maris.com.ar\/index.php\/wp-json\/wp\/v2\/product\/4313","targetHints":{"allow":["GET"]}}],"collection":[{"href":"https:\/\/maris.com.ar\/index.php\/wp-json\/wp\/v2\/product"}],"about":[{"href":"https:\/\/maris.com.ar\/index.php\/wp-json\/wp\/v2\/types\/product"}],"wp:featuredmedia":[{"embeddable":true,"href":"https:\/\/maris.com.ar\/index.php\/wp-json\/wp\/v2\/media\/4312"}],"wp:attachment":[{"href":"https:\/\/maris.com.ar\/index.php\/wp-json\/wp\/v2\/media?parent=4313"}],"wp:term":[{"taxonomy":"product_brand","embeddable":true,"href":"https:\/\/maris.com.ar\/index.php\/wp-json\/wp\/v2\/product_brand?post=4313"},{"taxonomy":"product_cat","embeddable":true,"href":"https:\/\/maris.com.ar\/index.php\/wp-json\/wp\/v2\/product_cat?post=4313"},{"taxonomy":"product_tag","embeddable":true,"href":"https:\/\/maris.com.ar\/index.php\/wp-json\/wp\/v2\/product_tag?post=4313"}],"curies":[{"name":"wp","href":"https:\/\/api.w.org\/{rel}","templated":true}]}}