{"id":4398,"date":"2021-09-27T15:45:27","date_gmt":"2021-09-27T15:45:27","guid":{"rendered":"https:\/\/maris.com.ar\/?post_type=product&#038;p=4398"},"modified":"2025-12-18T18:22:02","modified_gmt":"2025-12-18T18:22:02","slug":"boquilla-con-filtro-permanente-targard","status":"publish","type":"product","link":"https:\/\/maris.com.ar\/index.php\/producto\/boquilla-con-filtro-permanente-targard\/","title":{"rendered":"Boquilla con filtro permanente TarGard"},"content":{"rendered":"<p><strong><span style=\"vertical-align: inherit;\"><span style=\"vertical-align: inherit;\">Sistema permanente lavable para cigarrillos comerciales de 8mm. <\/span><span style=\"vertical-align: inherit;\">Viene con dos boquillas,\u00a0 3 juntas t\u00f3ricas o retenes, y 1 cepillo original para limpieza.<\/span><\/span><\/strong><\/p>\n<div data-subtree=\"aimfl,mfl\" data-processed=\"true\">Las boquillas Targard (permanentes y descartables) est\u00e1n dise\u00f1adas para cigarrillos est\u00e1ndar, con un di\u00e1metro que suele rondar los\u00a0<mark class=\"HxTRcb\" data-processed=\"true\"><strong class=\"Yjhzub\" data-processed=\"true\">8 mm<\/strong><\/mark><\/div>\n<p><em><strong>Por pago en efectivo 8 % de descuento.-<\/strong><\/em><\/p>\n","protected":false},"excerpt":{"rendered":"<p><span style=\"vertical-align: inherit;\"><span style=\"vertical-align: inherit;\">Sistema de filtro permanente para cigarrillos<\/span><\/span> <a class=\"more-link\" href=\"https:\/\/maris.com.ar\/index.php\/producto\/boquilla-con-filtro-permanente-targard\/\"><\/a><\/p>\n","protected":false},"featured_media":5702,"template":"","meta":{"om_disable_all_campaigns":false,"_monsterinsights_skip_tracking":false,"_monsterinsights_sitenote_active":false,"_monsterinsights_sitenote_note":"","_monsterinsights_sitenote_category":0},"product_brand":[],"product_cat":[23,53,31],"product_tag":[],"class_list":{"0":"post-4398","1":"product","2":"type-product","3":"status-publish","4":"has-post-thumbnail","6":"product_cat-accesorios","7":"product_cat-cigarros-y-habanos","8":"product_cat-tabaco-para-armar-cigarrillos","10":"first","11":"instock","12":"featured","13":"shipping-taxable","14":"purchasable","15":"product-type-simple"},"aioseo_notices":[],"_links":{"self":[{"href":"https:\/\/maris.com.ar\/index.php\/wp-json\/wp\/v2\/product\/4398","targetHints":{"allow":["GET"]}}],"collection":[{"href":"https:\/\/maris.com.ar\/index.php\/wp-json\/wp\/v2\/product"}],"about":[{"href":"https:\/\/maris.com.ar\/index.php\/wp-json\/wp\/v2\/types\/product"}],"wp:featuredmedia":[{"embeddable":true,"href":"https:\/\/maris.com.ar\/index.php\/wp-json\/wp\/v2\/media\/5702"}],"wp:attachment":[{"href":"https:\/\/maris.com.ar\/index.php\/wp-json\/wp\/v2\/media?parent=4398"}],"wp:term":[{"taxonomy":"product_brand","embeddable":true,"href":"https:\/\/maris.com.ar\/index.php\/wp-json\/wp\/v2\/product_brand?post=4398"},{"taxonomy":"product_cat","embeddable":true,"href":"https:\/\/maris.com.ar\/index.php\/wp-json\/wp\/v2\/product_cat?post=4398"},{"taxonomy":"product_tag","embeddable":true,"href":"https:\/\/maris.com.ar\/index.php\/wp-json\/wp\/v2\/product_tag?post=4398"}],"curies":[{"name":"wp","href":"https:\/\/api.w.org\/{rel}","templated":true}]}}