{"id":4966,"date":"2022-05-26T21:59:45","date_gmt":"2022-05-26T21:59:45","guid":{"rendered":"https:\/\/maris.com.ar\/?post_type=product&#038;p=4966"},"modified":"2024-07-24T19:05:50","modified_gmt":"2024-07-24T19:05:50","slug":"repuesto-para-encend-zippo-junta-almohadilla-de-caucho-para-el-interior","status":"publish","type":"product","link":"https:\/\/maris.com.ar\/index.php\/producto\/repuesto-para-encend-zippo-junta-almohadilla-de-caucho-para-el-interior\/","title":{"rendered":"Repuesto para encend. ZIPPO  junta almohadilla de caucho para el interior"},"content":{"rendered":"<p><strong>Repuesto para encend.<span style=\"font-size: 18pt;\"> ZIPPO<\/span> junta almohadilla de caucho para el interior, anti evaporaci\u00f3n.-<\/strong><\/p>\n<p><span style=\"font-size: 14pt;\"><strong>Reduce la evaporaci\u00f3n del fluido por la obstrucci\u00f3n inferior de dep\u00f3sito del algod\u00f3n estopa<\/strong><\/span><\/p>\n<p><strong>ver medidas en la foto publicada<\/strong><\/p>\n","protected":false},"excerpt":{"rendered":"<p><strong>Repuesto para encend.<span style=\"font-size: 18pt;\"> ZIPPO<\/span> junta almohadilla de caucho para el interior<\/strong><\/p>\n<p><em><strong>Reduce la evaporaci\u00f3n del fluido<\/strong><\/em><\/p>\n<p>&nbsp;<\/p>\n<p>ver medidas en la foto publicada <a class=\"more-link\" href=\"https:\/\/maris.com.ar\/index.php\/producto\/repuesto-para-encend-zippo-junta-almohadilla-de-caucho-para-el-interior\/\"><\/a><\/p>\n","protected":false},"featured_media":4967,"template":"","meta":{"om_disable_all_campaigns":false,"_monsterinsights_skip_tracking":false,"_monsterinsights_sitenote_active":false,"_monsterinsights_sitenote_note":"","_monsterinsights_sitenote_category":0},"product_brand":[],"product_cat":[23,25],"product_tag":[],"class_list":{"0":"post-4966","1":"product","2":"type-product","3":"status-publish","4":"has-post-thumbnail","6":"product_cat-accesorios","7":"product_cat-encendedores","9":"first","10":"instock","11":"shipping-taxable","12":"purchasable","13":"product-type-simple"},"aioseo_notices":[],"_links":{"self":[{"href":"https:\/\/maris.com.ar\/index.php\/wp-json\/wp\/v2\/product\/4966","targetHints":{"allow":["GET"]}}],"collection":[{"href":"https:\/\/maris.com.ar\/index.php\/wp-json\/wp\/v2\/product"}],"about":[{"href":"https:\/\/maris.com.ar\/index.php\/wp-json\/wp\/v2\/types\/product"}],"wp:featuredmedia":[{"embeddable":true,"href":"https:\/\/maris.com.ar\/index.php\/wp-json\/wp\/v2\/media\/4967"}],"wp:attachment":[{"href":"https:\/\/maris.com.ar\/index.php\/wp-json\/wp\/v2\/media?parent=4966"}],"wp:term":[{"taxonomy":"product_brand","embeddable":true,"href":"https:\/\/maris.com.ar\/index.php\/wp-json\/wp\/v2\/product_brand?post=4966"},{"taxonomy":"product_cat","embeddable":true,"href":"https:\/\/maris.com.ar\/index.php\/wp-json\/wp\/v2\/product_cat?post=4966"},{"taxonomy":"product_tag","embeddable":true,"href":"https:\/\/maris.com.ar\/index.php\/wp-json\/wp\/v2\/product_tag?post=4966"}],"curies":[{"name":"wp","href":"https:\/\/api.w.org\/{rel}","templated":true}]}}