{"id":5407,"date":"2023-05-24T16:42:07","date_gmt":"2023-05-24T16:42:07","guid":{"rendered":"https:\/\/maris.com.ar\/?post_type=product&#038;p=5407"},"modified":"2024-02-15T05:58:35","modified_gmt":"2024-02-15T05:58:35","slug":"dosificador-premium-de-snuff-rape-y-azucares","status":"publish","type":"product","link":"https:\/\/maris.com.ar\/index.php\/producto\/dosificador-premium-de-snuff-rape-y-azucares\/","title":{"rendered":"Dosificador PREMIUM de Snuff, Rap\u00e9 y Azucares"},"content":{"rendered":"<p><strong>Dosificador<\/strong> <em><strong>PREMIUM<\/strong><\/em> aplicador de Rap\u00e9, snuff, y azucares<\/p>\n<p>Sobre este art\u00edculo:<\/p>\n<p><strong>Importante<\/strong>: Esta linea PREMIUM, viene con 2 ret\u00e9nes (o-rings), de repuesto, uno para la tapa de carga y otro para la palanca de accionar.-<br \/>\nModelo exclusivo con retenes para su mejor funcionamiento, seguridad y durabilidad.<br \/>\nObservar en las fotograf\u00edas los repuestos con que se provee.<\/p>\n<p>COLORES: Negro, Dorado, Plateado y Azul-. Consultar.<br \/>\n**********************************************************************************************<br \/>\n***********************************************************************************************<br \/>\nAlmacenamiento port\u00e1til perfecto para tus especias o edulcorantes. Estos mini contenedores de almacenamiento de viaje son com\u00fanmente utilizados por aquellos con necesidades diet\u00e9ticas especiales para llevar alternativas de edulcorante en polvo como stevia, canela, rap\u00e9, snuff, az\u00facar de coco, etc<br \/>\nConocido tambi\u00e9n dispensador nasal.-<br \/>\nF\u00e1cil de usar: la v\u00e1lvula giratoria permite dosis precisas y consistentes. Simplemente gira el pomo en el lateral para dispensar una dosis medida. Simplemente gira dos veces para m\u00e1s.<br \/>\nAltura aprox. 5.5 cm, diametro 1.4 cm.-<\/p>\n","protected":false},"excerpt":{"rendered":"<p><strong>Dosificador PREMIUM<\/strong> para <strong>Snuff, Rap\u00e9 y Azucares<\/strong> con repuestos <a class=\"more-link\" href=\"https:\/\/maris.com.ar\/index.php\/producto\/dosificador-premium-de-snuff-rape-y-azucares\/\"><\/a><\/p>\n","protected":false},"featured_media":5415,"template":"","meta":{"om_disable_all_campaigns":false,"_monsterinsights_skip_tracking":false,"_monsterinsights_sitenote_active":false,"_monsterinsights_sitenote_note":"","_monsterinsights_sitenote_category":0},"product_brand":[],"product_cat":[23,53,28],"product_tag":[],"class_list":{"0":"post-5407","1":"product","2":"type-product","3":"status-publish","4":"has-post-thumbnail","6":"product_cat-accesorios","7":"product_cat-cigarros-y-habanos","8":"product_cat-pipas","10":"first","11":"outofstock","12":"shipping-taxable","13":"purchasable","14":"product-type-simple"},"aioseo_notices":[],"_links":{"self":[{"href":"https:\/\/maris.com.ar\/index.php\/wp-json\/wp\/v2\/product\/5407","targetHints":{"allow":["GET"]}}],"collection":[{"href":"https:\/\/maris.com.ar\/index.php\/wp-json\/wp\/v2\/product"}],"about":[{"href":"https:\/\/maris.com.ar\/index.php\/wp-json\/wp\/v2\/types\/product"}],"wp:featuredmedia":[{"embeddable":true,"href":"https:\/\/maris.com.ar\/index.php\/wp-json\/wp\/v2\/media\/5415"}],"wp:attachment":[{"href":"https:\/\/maris.com.ar\/index.php\/wp-json\/wp\/v2\/media?parent=5407"}],"wp:term":[{"taxonomy":"product_brand","embeddable":true,"href":"https:\/\/maris.com.ar\/index.php\/wp-json\/wp\/v2\/product_brand?post=5407"},{"taxonomy":"product_cat","embeddable":true,"href":"https:\/\/maris.com.ar\/index.php\/wp-json\/wp\/v2\/product_cat?post=5407"},{"taxonomy":"product_tag","embeddable":true,"href":"https:\/\/maris.com.ar\/index.php\/wp-json\/wp\/v2\/product_tag?post=5407"}],"curies":[{"name":"wp","href":"https:\/\/api.w.org\/{rel}","templated":true}]}}