{"id":5601,"date":"2024-04-15T16:56:20","date_gmt":"2024-04-15T16:56:20","guid":{"rendered":"https:\/\/maris.com.ar\/?post_type=product&#038;p=5601"},"modified":"2024-12-26T17:01:07","modified_gmt":"2024-12-26T17:01:07","slug":"filtros-metalico-para-hornillo-de-pipa","status":"publish","type":"product","link":"https:\/\/maris.com.ar\/index.php\/producto\/filtros-metalico-para-hornillo-de-pipa\/","title":{"rendered":"Filtros Met\u00e1lico Para Hornillo De Pipa"},"content":{"rendered":"<h1 class=\"ui-pdp-title\">Filtros Met\u00e1lico Para Hornillo De Pipa<\/h1>\n<p>Filtro met\u00e1lico para colocar en el honillo de la cazoleta de la pipa lavable.Ayuda a que no se tape el conducto inferior del hornillo. FILTRO DE ALAMBRE METALICO para usar en pipa de tabaco Le permite disfrutar f\u00e1cilmente de fumar en el momento del proceso. *********************************************************<\/p>\n<p>USO: Se coloca en el fondo del hornillo. Produce una mejor aireaci\u00f3n y combusti\u00f3n del tabaco. Previene la f\u00e1cil ca\u00edda del tabaco y de la ceniza.-. Resistente y m\u00e1s duradero. Evita apretar demasiado el tabaco.-. Filtro c\u00f3ncavo multifuncional y sirve para varios ciclos<br \/>\npermitirle disfrutar fumar en el momento del proceso.<\/p>\n","protected":false},"excerpt":{"rendered":"<h1 class=\"ui-pdp-title\">Filtros Met\u00e1lico Para Hornillo De Pipa<\/h1>\n<p> <a class=\"more-link\" href=\"https:\/\/maris.com.ar\/index.php\/producto\/filtros-metalico-para-hornillo-de-pipa\/\"><\/a><\/p>\n","protected":false},"featured_media":5603,"template":"","meta":{"om_disable_all_campaigns":false,"_monsterinsights_skip_tracking":false,"_monsterinsights_sitenote_active":false,"_monsterinsights_sitenote_note":"","_monsterinsights_sitenote_category":0},"product_brand":[],"product_cat":[23,56,28,55],"product_tag":[],"class_list":{"0":"post-5601","1":"product","2":"type-product","3":"status-publish","4":"has-post-thumbnail","6":"product_cat-accesorios","7":"product_cat-pipa","8":"product_cat-pipas","9":"product_cat-pipas-de-coleccion-restauradas","11":"first","12":"instock","13":"shipping-taxable","14":"purchasable","15":"product-type-simple"},"aioseo_notices":[],"_links":{"self":[{"href":"https:\/\/maris.com.ar\/index.php\/wp-json\/wp\/v2\/product\/5601","targetHints":{"allow":["GET"]}}],"collection":[{"href":"https:\/\/maris.com.ar\/index.php\/wp-json\/wp\/v2\/product"}],"about":[{"href":"https:\/\/maris.com.ar\/index.php\/wp-json\/wp\/v2\/types\/product"}],"wp:featuredmedia":[{"embeddable":true,"href":"https:\/\/maris.com.ar\/index.php\/wp-json\/wp\/v2\/media\/5603"}],"wp:attachment":[{"href":"https:\/\/maris.com.ar\/index.php\/wp-json\/wp\/v2\/media?parent=5601"}],"wp:term":[{"taxonomy":"product_brand","embeddable":true,"href":"https:\/\/maris.com.ar\/index.php\/wp-json\/wp\/v2\/product_brand?post=5601"},{"taxonomy":"product_cat","embeddable":true,"href":"https:\/\/maris.com.ar\/index.php\/wp-json\/wp\/v2\/product_cat?post=5601"},{"taxonomy":"product_tag","embeddable":true,"href":"https:\/\/maris.com.ar\/index.php\/wp-json\/wp\/v2\/product_tag?post=5601"}],"curies":[{"name":"wp","href":"https:\/\/api.w.org\/{rel}","templated":true}]}}