{"id":5776,"date":"2024-08-15T18:55:00","date_gmt":"2024-08-15T18:55:00","guid":{"rendered":"https:\/\/maris.com.ar\/?post_type=product&#038;p=5776"},"modified":"2024-08-15T19:08:36","modified_gmt":"2024-08-15T19:08:36","slug":"servicio-tecnico-de-relojes","status":"publish","type":"product","link":"https:\/\/maris.com.ar\/index.php\/producto\/servicio-tecnico-de-relojes\/","title":{"rendered":"Servicio T\u00e9cnico de Relojes"},"content":{"rendered":"<p><span style=\"font-size: 19px;\"><strong>Servicio T\u00e9cnico de Relojes<\/strong><\/span><\/p>\n<p>Ac\u00e9rquenos su reloj descompuesto. Realizaremos una verificaci\u00f3n t\u00e9cnica y posteriormente le pasaremos un <strong>presupuesto de reparaci\u00f3n sin cargo alguno para usted.<\/strong><br \/>\nContamos con un cuerpo t\u00e9cnico diplomado, con amplia experiencia en la actividad para que su reloj quede <strong>bien reparado<\/strong>. Todas las composturas son entregadas con <strong>certificado de garant\u00eda escrito.<\/strong><\/p>\n<p><strong>Tipo de relojes que reparamos:<\/strong><\/p>\n<p><img decoding=\"async\" class=\"alignleft wp-image-88\" src=\"http:\/\/regalosmaris.com.ar\/wp-content\/uploads\/2017\/03\/relojes-analogos.png\" sizes=\"(max-width: 150px) 100vw, 150px\" srcset=\"https:\/\/regalosmaris.com.ar\/wp-content\/uploads\/2017\/03\/relojes-analogos.png 200w, https:\/\/regalosmaris.com.ar\/wp-content\/uploads\/2017\/03\/relojes-analogos-100x100.png 100w, https:\/\/regalosmaris.com.ar\/wp-content\/uploads\/2017\/03\/relojes-analogos-150x150.png 150w\" alt=\"Relojes an\u00e1logos\" width=\"150\" height=\"150\" \/><strong>Relojes an\u00e1logos:<\/strong><br \/>\nSon aquellos que tienen agujas.<br \/>\nFuncionan a pila, a cuerda, con el pulso (autom\u00e1ticos) o sistemas mixtos.<\/p>\n<p>&nbsp;<\/p>\n<p>&nbsp;<\/p>\n<p>&nbsp;<\/p>\n<p><img decoding=\"async\" class=\"alignleft wp-image-93\" src=\"http:\/\/regalosmaris.com.ar\/wp-content\/uploads\/2017\/03\/relojes-digitales.png\" sizes=\"(max-width: 150px) 100vw, 150px\" srcset=\"https:\/\/regalosmaris.com.ar\/wp-content\/uploads\/2017\/03\/relojes-digitales.png 200w, https:\/\/regalosmaris.com.ar\/wp-content\/uploads\/2017\/03\/relojes-digitales-100x100.png 100w, https:\/\/regalosmaris.com.ar\/wp-content\/uploads\/2017\/03\/relojes-digitales-150x150.png 150w\" alt=\"Relojes Digitales\" width=\"150\" height=\"150\" \/><strong>Relojes digitales:<\/strong><br \/>\nPoseen una pantalla en d\u00f3nde se lee la hora mediante n\u00fameros impresos. Suelen incluir otras funciones. Las m\u00e1s comunes son: fecha, alarma, cron\u00f3metro y luz.<\/p>\n<p>&nbsp;<\/p>\n<p>&nbsp;<\/p>\n<p><img decoding=\"async\" class=\"alignleft wp-image-95\" src=\"http:\/\/regalosmaris.com.ar\/wp-content\/uploads\/2017\/03\/despertadores.png\" sizes=\"(max-width: 150px) 100vw, 150px\" srcset=\"https:\/\/regalosmaris.com.ar\/wp-content\/uploads\/2017\/03\/despertadores.png 200w, https:\/\/regalosmaris.com.ar\/wp-content\/uploads\/2017\/03\/despertadores-100x100.png 100w, https:\/\/regalosmaris.com.ar\/wp-content\/uploads\/2017\/03\/despertadores-150x150.png 150w\" alt=\"Despertadores\" width=\"150\" height=\"150\" \/><strong>Despertadores:<\/strong><br \/>\nLos relojes menos queridos: los despertadores nos hacen levantar cada d\u00eda del mundo de los sue\u00f1os.<br \/>\nLas variedades incluyen: con agujas y digitales. Pueden alimentarse a pila o a cuerda.<\/p>\n<p>&nbsp;<\/p>\n<p>&nbsp;<\/p>\n<p><img loading=\"lazy\" decoding=\"async\" class=\"alignleft wp-image-97\" src=\"http:\/\/regalosmaris.com.ar\/wp-content\/uploads\/2017\/03\/reloj-pared.png\" sizes=\"(max-width: 150px) 100vw, 150px\" srcset=\"https:\/\/regalosmaris.com.ar\/wp-content\/uploads\/2017\/03\/reloj-pared.png 200w, https:\/\/regalosmaris.com.ar\/wp-content\/uploads\/2017\/03\/reloj-pared-100x100.png 100w, https:\/\/regalosmaris.com.ar\/wp-content\/uploads\/2017\/03\/reloj-pared-150x150.png 150w\" alt=\"Reloj de pared\" width=\"150\" height=\"150\" \/><strong>Relojes de pared:<\/strong><br \/>\nEn sus m\u00e1s diferentes variedades: madera, pl\u00e1stico, metal, yeso, etc. Actualmente funcionan en su gran mayor\u00eda a pila.<br \/>\nTambi\u00e9n reparamos relojes el\u00e9ctricos a cuerda y de p\u00e9ndulo.<\/p>\n<p>&nbsp;<\/p>\n<p>&nbsp;<\/p>\n<p><img loading=\"lazy\" decoding=\"async\" class=\"alignleft wp-image-99\" src=\"http:\/\/regalosmaris.com.ar\/wp-content\/uploads\/2017\/03\/relojes-especiales.png\" sizes=\"(max-width: 150px) 100vw, 150px\" srcset=\"https:\/\/regalosmaris.com.ar\/wp-content\/uploads\/2017\/03\/relojes-especiales.png 200w, https:\/\/regalosmaris.com.ar\/wp-content\/uploads\/2017\/03\/relojes-especiales-100x100.png 100w, https:\/\/regalosmaris.com.ar\/wp-content\/uploads\/2017\/03\/relojes-especiales-150x150.png 150w\" alt=\"Relojes especiales\" width=\"150\" height=\"150\" \/><br \/>\n<strong>Relojes especiales:<\/strong><br \/>\nConsulte por composturas, servicio t\u00e9cnico y restauraci\u00f3n de relojes antiguos. Tambi\u00e9n reparamos relojes de grandes dimensiones, de pie o de mesa. Cons\u00faltenos por visita a domicilio.<\/p>\n<p>&nbsp;<\/p>\n<p>&nbsp;<\/p>\n","protected":false},"excerpt":{"rendered":"<p><span style=\"font-size: 19px;\"><strong>Servicio T\u00e9cnico de Relojes<\/strong><\/span> <a class=\"more-link\" href=\"https:\/\/maris.com.ar\/index.php\/producto\/servicio-tecnico-de-relojes\/\"><\/a><\/p>\n","protected":false},"featured_media":5788,"template":"","meta":{"om_disable_all_campaigns":false,"_monsterinsights_skip_tracking":false,"_monsterinsights_sitenote_active":false,"_monsterinsights_sitenote_note":"","_monsterinsights_sitenote_category":0},"product_brand":[],"product_cat":[23,54],"product_tag":[],"class_list":{"0":"post-5776","1":"product","2":"type-product","3":"status-publish","4":"has-post-thumbnail","6":"product_cat-accesorios","7":"product_cat-relojes","9":"first","10":"instock","11":"featured","12":"shipping-taxable","13":"purchasable","14":"product-type-simple"},"aioseo_notices":[],"_links":{"self":[{"href":"https:\/\/maris.com.ar\/index.php\/wp-json\/wp\/v2\/product\/5776","targetHints":{"allow":["GET"]}}],"collection":[{"href":"https:\/\/maris.com.ar\/index.php\/wp-json\/wp\/v2\/product"}],"about":[{"href":"https:\/\/maris.com.ar\/index.php\/wp-json\/wp\/v2\/types\/product"}],"wp:featuredmedia":[{"embeddable":true,"href":"https:\/\/maris.com.ar\/index.php\/wp-json\/wp\/v2\/media\/5788"}],"wp:attachment":[{"href":"https:\/\/maris.com.ar\/index.php\/wp-json\/wp\/v2\/media?parent=5776"}],"wp:term":[{"taxonomy":"product_brand","embeddable":true,"href":"https:\/\/maris.com.ar\/index.php\/wp-json\/wp\/v2\/product_brand?post=5776"},{"taxonomy":"product_cat","embeddable":true,"href":"https:\/\/maris.com.ar\/index.php\/wp-json\/wp\/v2\/product_cat?post=5776"},{"taxonomy":"product_tag","embeddable":true,"href":"https:\/\/maris.com.ar\/index.php\/wp-json\/wp\/v2\/product_tag?post=5776"}],"curies":[{"name":"wp","href":"https:\/\/api.w.org\/{rel}","templated":true}]}}