{"id":5824,"date":"2024-10-14T20:30:41","date_gmt":"2024-10-14T20:30:41","guid":{"rendered":"https:\/\/maris.com.ar\/?post_type=product&#038;p=5824"},"modified":"2024-10-14T20:30:41","modified_gmt":"2024-10-14T20:30:41","slug":"tabaquera-palta-bac-artesanal","status":"publish","type":"product","link":"https:\/\/maris.com.ar\/index.php\/producto\/tabaquera-palta-bac-artesanal\/","title":{"rendered":"Tabaquera PALTA-BAC Artesanal"},"content":{"rendered":"<p><strong><span style=\"font-size: 19px; color: #339966;\">Tabaquera PALTA-BAC Artesanal<\/span><\/strong><\/p>\n<p>en Eco-Cuero<\/p>\n<p>con espacios para:<\/p>\n<p>el tabaco<\/p>\n<p>papeles<\/p>\n<p>filtros<\/p>\n<p>con bot\u00f3n magn\u00e9tico de acceso f\u00e1cil y cerrado seguro<\/p>\n<p>Industria Argentina<\/p>\n<p>2 tama\u00f1os : grande largo\u00a0 15.5 cm ancho 9.5 cm<\/p>\n<p>chico\u00a0 \u00a0 largo\u00a0 \u00a011.5 cm ancho 9.5 cm<\/p>\n","protected":false},"excerpt":{"rendered":"<p><span style=\"font-size: 19px;\"><strong>Tabaquera PALTA-BAC Artesanal<\/strong><\/span> <a class=\"more-link\" href=\"https:\/\/maris.com.ar\/index.php\/producto\/tabaquera-palta-bac-artesanal\/\"><\/a><\/p>\n","protected":false},"featured_media":5826,"template":"","meta":{"om_disable_all_campaigns":false,"_monsterinsights_skip_tracking":false,"_monsterinsights_sitenote_active":false,"_monsterinsights_sitenote_note":"","_monsterinsights_sitenote_category":0},"product_brand":[],"product_cat":[23,31],"product_tag":[],"class_list":{"0":"post-5824","1":"product","2":"type-product","3":"status-publish","4":"has-post-thumbnail","6":"product_cat-accesorios","7":"product_cat-tabaco-para-armar-cigarrillos","9":"first","10":"instock","11":"featured","12":"shipping-taxable","13":"purchasable","14":"product-type-simple"},"aioseo_notices":[],"_links":{"self":[{"href":"https:\/\/maris.com.ar\/index.php\/wp-json\/wp\/v2\/product\/5824","targetHints":{"allow":["GET"]}}],"collection":[{"href":"https:\/\/maris.com.ar\/index.php\/wp-json\/wp\/v2\/product"}],"about":[{"href":"https:\/\/maris.com.ar\/index.php\/wp-json\/wp\/v2\/types\/product"}],"wp:featuredmedia":[{"embeddable":true,"href":"https:\/\/maris.com.ar\/index.php\/wp-json\/wp\/v2\/media\/5826"}],"wp:attachment":[{"href":"https:\/\/maris.com.ar\/index.php\/wp-json\/wp\/v2\/media?parent=5824"}],"wp:term":[{"taxonomy":"product_brand","embeddable":true,"href":"https:\/\/maris.com.ar\/index.php\/wp-json\/wp\/v2\/product_brand?post=5824"},{"taxonomy":"product_cat","embeddable":true,"href":"https:\/\/maris.com.ar\/index.php\/wp-json\/wp\/v2\/product_cat?post=5824"},{"taxonomy":"product_tag","embeddable":true,"href":"https:\/\/maris.com.ar\/index.php\/wp-json\/wp\/v2\/product_tag?post=5824"}],"curies":[{"name":"wp","href":"https:\/\/api.w.org\/{rel}","templated":true}]}}