{"id":5846,"date":"2024-11-22T18:50:39","date_gmt":"2024-11-22T18:50:39","guid":{"rendered":"https:\/\/maris.com.ar\/?post_type=product&#038;p=5846"},"modified":"2024-11-22T18:56:48","modified_gmt":"2024-11-22T18:56:48","slug":"servicio-tecnico-de-relojes-2","status":"publish","type":"product","link":"https:\/\/maris.com.ar\/index.php\/producto\/servicio-tecnico-de-relojes-2\/","title":{"rendered":"Servicio T\u00e9cnico de Relojes"},"content":{"rendered":"<h1 class=\"entry-title\">Servicio T\u00e9cnico de Relojes<\/h1>\n<h3>\u2022 Taller especializado \u2022 Todas las Marcas \u2022 Todos los estilos y modelos de relojes \u2022 Presupuestos sin cargo \u2022 Garant\u00eda escrita.<\/h3>\n<ul>\n<li><span style=\"font-size: 22px; color: #ff0000;\"><strong>Especialidad en relojes antiguos: de pulsera, bolsillo, despertadores, relojes de pared, relojes CU CU,\u00a0 de p\u00e9ndulo, Carrillon.<\/strong><\/span><\/li>\n<\/ul>\n<p>Ac\u00e9rquenos su reloj descompuesto. Realizaremos una verificaci\u00f3n t\u00e9cnica y posteriormente le pasaremos un\u00a0<strong>presupuesto de reparaci\u00f3n sin cargo alguno para usted.<\/strong><br \/>\nContamos con un cuerpo t\u00e9cnico diplomado, con amplia experiencia en la actividad para que su reloj quede\u00a0<strong>bien reparado<\/strong>. Todas las composturas son entregadas con\u00a0<strong>certificado de garant\u00eda escrito.<\/strong><\/p>\n<p>&nbsp;<\/p>\n","protected":false},"excerpt":{"rendered":"<h1 class=\"entry-title\">Servicio T\u00e9cnico de Relojes<\/h1>\n<p> <a class=\"more-link\" href=\"https:\/\/maris.com.ar\/index.php\/producto\/servicio-tecnico-de-relojes-2\/\"><\/a><\/p>\n","protected":false},"featured_media":5802,"template":"","meta":{"om_disable_all_campaigns":false,"_monsterinsights_skip_tracking":false,"_monsterinsights_sitenote_active":false,"_monsterinsights_sitenote_note":"","_monsterinsights_sitenote_category":0},"product_brand":[],"product_cat":[23,54],"product_tag":[],"class_list":{"0":"post-5846","1":"product","2":"type-product","3":"status-publish","4":"has-post-thumbnail","6":"product_cat-accesorios","7":"product_cat-relojes","9":"first","10":"instock","11":"featured","12":"shipping-taxable","13":"purchasable","14":"product-type-simple"},"aioseo_notices":[],"_links":{"self":[{"href":"https:\/\/maris.com.ar\/index.php\/wp-json\/wp\/v2\/product\/5846","targetHints":{"allow":["GET"]}}],"collection":[{"href":"https:\/\/maris.com.ar\/index.php\/wp-json\/wp\/v2\/product"}],"about":[{"href":"https:\/\/maris.com.ar\/index.php\/wp-json\/wp\/v2\/types\/product"}],"wp:featuredmedia":[{"embeddable":true,"href":"https:\/\/maris.com.ar\/index.php\/wp-json\/wp\/v2\/media\/5802"}],"wp:attachment":[{"href":"https:\/\/maris.com.ar\/index.php\/wp-json\/wp\/v2\/media?parent=5846"}],"wp:term":[{"taxonomy":"product_brand","embeddable":true,"href":"https:\/\/maris.com.ar\/index.php\/wp-json\/wp\/v2\/product_brand?post=5846"},{"taxonomy":"product_cat","embeddable":true,"href":"https:\/\/maris.com.ar\/index.php\/wp-json\/wp\/v2\/product_cat?post=5846"},{"taxonomy":"product_tag","embeddable":true,"href":"https:\/\/maris.com.ar\/index.php\/wp-json\/wp\/v2\/product_tag?post=5846"}],"curies":[{"name":"wp","href":"https:\/\/api.w.org\/{rel}","templated":true}]}}