{"id":5957,"date":"2025-04-23T17:46:40","date_gmt":"2025-04-23T17:46:40","guid":{"rendered":"https:\/\/maris.com.ar\/?post_type=product&#038;p=5957"},"modified":"2025-06-17T20:33:59","modified_gmt":"2025-06-17T20:33:59","slug":"pipa-restaurada-a-nuevo-de-coleccion-stanwell","status":"publish","type":"product","link":"https:\/\/maris.com.ar\/index.php\/producto\/pipa-restaurada-a-nuevo-de-coleccion-stanwell\/","title":{"rendered":"Pipa restaurada a nuevo de colecci\u00f3n &#8220;STANWELL&#8221; STATE x01"},"content":{"rendered":"<p>Pipa restaurada a nuevo de colecci\u00f3n &#8220;STANWELL&#8221; Recta DeLuxe<\/p>\n<p>Con Garant\u00eda<\/p>\n<p>Origen: Denmark<\/p>\n<p><strong>Antecedentes de la pipa STANWELL #32<\/strong><\/p>\n<p><strong>La pipa Stanwell #32 tiene una historia fascinante. Esta pipa se remonta a la d\u00e9cada de 1940, cuando la marca Stanwell fue fundada. De hecho, algunos la consideran la primera forma de pipa de Stanwell1. A lo largo de los a\u00f1os, la forma #32 ha sido redise\u00f1ada por varios maestros piperos, incluyendo a Sixten Ivarsson y Tom Eltang.<\/strong><\/p>\n<p><strong>La versi\u00f3n original de la #32 es una bulldog cl\u00e1sica, lanzada en 1942. Esta forma ha mantenido una respetable cantidad de seguidores desde entonces, gracias a su dise\u00f1o elegante y funcional3.<\/strong><\/p>\n<p><strong>Si eres un coleccionista o simplemente un entusiasta de las pipas, la Stanwell #32 es una pieza ic\u00f3nica que vale la pena conocer. <\/strong><\/p>\n<p><strong>ESTAMPADO:<br \/>\nSTANWELL<br \/>\nHECHO EN DINAMARCA<\/strong><\/p>\n<p>&nbsp;<\/p>\n","protected":false},"excerpt":{"rendered":"<p><span style=\"font-size: 18px;\"><strong>Pipa restaurada a nuevo de colecci\u00f3n &#8220;STANWELL&#8221; Recta mod 32 <\/strong><\/span># x01 <a class=\"more-link\" href=\"https:\/\/maris.com.ar\/index.php\/producto\/pipa-restaurada-a-nuevo-de-coleccion-stanwell\/\"><\/a><\/p>\n","protected":false},"featured_media":5958,"template":"","meta":{"om_disable_all_campaigns":false,"_monsterinsights_skip_tracking":false,"_monsterinsights_sitenote_active":false,"_monsterinsights_sitenote_note":"","_monsterinsights_sitenote_category":0},"product_brand":[],"product_cat":[56,28,55],"product_tag":[],"class_list":{"0":"post-5957","1":"product","2":"type-product","3":"status-publish","4":"has-post-thumbnail","6":"product_cat-pipa","7":"product_cat-pipas","8":"product_cat-pipas-de-coleccion-restauradas","10":"first","11":"instock","12":"shipping-taxable","13":"purchasable","14":"product-type-simple"},"aioseo_notices":[],"_links":{"self":[{"href":"https:\/\/maris.com.ar\/index.php\/wp-json\/wp\/v2\/product\/5957","targetHints":{"allow":["GET"]}}],"collection":[{"href":"https:\/\/maris.com.ar\/index.php\/wp-json\/wp\/v2\/product"}],"about":[{"href":"https:\/\/maris.com.ar\/index.php\/wp-json\/wp\/v2\/types\/product"}],"wp:featuredmedia":[{"embeddable":true,"href":"https:\/\/maris.com.ar\/index.php\/wp-json\/wp\/v2\/media\/5958"}],"wp:attachment":[{"href":"https:\/\/maris.com.ar\/index.php\/wp-json\/wp\/v2\/media?parent=5957"}],"wp:term":[{"taxonomy":"product_brand","embeddable":true,"href":"https:\/\/maris.com.ar\/index.php\/wp-json\/wp\/v2\/product_brand?post=5957"},{"taxonomy":"product_cat","embeddable":true,"href":"https:\/\/maris.com.ar\/index.php\/wp-json\/wp\/v2\/product_cat?post=5957"},{"taxonomy":"product_tag","embeddable":true,"href":"https:\/\/maris.com.ar\/index.php\/wp-json\/wp\/v2\/product_tag?post=5957"}],"curies":[{"name":"wp","href":"https:\/\/api.w.org\/{rel}","templated":true}]}}