{"id":5962,"date":"2025-04-23T19:37:42","date_gmt":"2025-04-23T19:37:42","guid":{"rendered":"https:\/\/maris.com.ar\/?post_type=product&#038;p=5962"},"modified":"2025-04-25T21:01:25","modified_gmt":"2025-04-25T21:01:25","slug":"pipa-restaurada-a-nueva-de-coleccion-italiana-ner-x09","status":"publish","type":"product","link":"https:\/\/maris.com.ar\/index.php\/producto\/pipa-restaurada-a-nueva-de-coleccion-italiana-ner-x09\/","title":{"rendered":"Pipa restaurada a nueva de Colecci\u00f3n, Italiana &#8220;NER&#8221; #X09  STATE"},"content":{"rendered":"<p><span style=\"font-size: 19px;\"><strong>Pipa restaurada a nueva de Colecci\u00f3n, Italiana &#8220;NER&#8221; #X 09<\/strong><\/span><\/p>\n<p>Con Garant\u00eda<\/p>\n<p>Descripci\u00f3n:<\/p>\n<p>Parece ser una <strong>pieza italiana artesanal o de producci\u00f3n limitada<\/strong>, posiblemente de mediados o fines del siglo XX.<\/p>\n<p>Las siglas \u201cNER\u201d y \u201cEP\u201d pueden representar marcas poco documentadas, o incluso una producci\u00f3n especial o privada.<\/p>\n<p>Tambi\u00e9n es posible que \u201cNER\u201d sea una abreviatura de <strong>\u201cNero\u201d<\/strong> o de un apellido del artesano (como Neretti, Neroni, etc.).<\/p>\n<p><strong>SIGLA \u201cEP\u201d<\/strong><\/p>\n<ul>\n<li>Esta sigla podr\u00eda ser el nombre del dise\u00f1ador o de la empresa que distribu\u00eda la pipa.<\/li>\n<li>Tambi\u00e9n puede tratarse de una <strong>marca de importador<\/strong>, algo com\u00fan en pipas italianas exportadas a EE.UU. o Am\u00e9rica Latina durante el siglo XX.<\/li>\n<\/ul>\n<p>Se ha investigado y determinado que es confeccionado en Italia, a mano, marca desconocida.<\/p>\n","protected":false},"excerpt":{"rendered":"<p><span style=\"font-size: 19px;\"><strong>Pipa restaurada a nueva de Colecci\u00f3n, Italiana &#8220;NER&#8221; #X 09<\/strong><\/span> <a class=\"more-link\" href=\"https:\/\/maris.com.ar\/index.php\/producto\/pipa-restaurada-a-nueva-de-coleccion-italiana-ner-x09\/\"><\/a><\/p>\n","protected":false},"featured_media":5963,"template":"","meta":{"om_disable_all_campaigns":false,"_monsterinsights_skip_tracking":false,"_monsterinsights_sitenote_active":false,"_monsterinsights_sitenote_note":"","_monsterinsights_sitenote_category":0},"product_brand":[],"product_cat":[56,28,55],"product_tag":[],"class_list":{"0":"post-5962","1":"product","2":"type-product","3":"status-publish","4":"has-post-thumbnail","6":"product_cat-pipa","7":"product_cat-pipas","8":"product_cat-pipas-de-coleccion-restauradas","10":"first","11":"instock","12":"featured","13":"shipping-taxable","14":"purchasable","15":"product-type-simple"},"aioseo_notices":[],"_links":{"self":[{"href":"https:\/\/maris.com.ar\/index.php\/wp-json\/wp\/v2\/product\/5962","targetHints":{"allow":["GET"]}}],"collection":[{"href":"https:\/\/maris.com.ar\/index.php\/wp-json\/wp\/v2\/product"}],"about":[{"href":"https:\/\/maris.com.ar\/index.php\/wp-json\/wp\/v2\/types\/product"}],"wp:featuredmedia":[{"embeddable":true,"href":"https:\/\/maris.com.ar\/index.php\/wp-json\/wp\/v2\/media\/5963"}],"wp:attachment":[{"href":"https:\/\/maris.com.ar\/index.php\/wp-json\/wp\/v2\/media?parent=5962"}],"wp:term":[{"taxonomy":"product_brand","embeddable":true,"href":"https:\/\/maris.com.ar\/index.php\/wp-json\/wp\/v2\/product_brand?post=5962"},{"taxonomy":"product_cat","embeddable":true,"href":"https:\/\/maris.com.ar\/index.php\/wp-json\/wp\/v2\/product_cat?post=5962"},{"taxonomy":"product_tag","embeddable":true,"href":"https:\/\/maris.com.ar\/index.php\/wp-json\/wp\/v2\/product_tag?post=5962"}],"curies":[{"name":"wp","href":"https:\/\/api.w.org\/{rel}","templated":true}]}}