{"id":5979,"date":"2025-05-02T21:27:10","date_gmt":"2025-05-02T21:27:10","guid":{"rendered":"https:\/\/maris.com.ar\/?post_type=product&#038;p=5979"},"modified":"2025-05-02T21:27:10","modified_gmt":"2025-05-02T21:27:10","slug":"tabaqueria-maris-la-1ra-en-reparaciones-de-encendedores-de-la-argentina","status":"publish","type":"product","link":"https:\/\/maris.com.ar\/index.php\/producto\/tabaqueria-maris-la-1ra-en-reparaciones-de-encendedores-de-la-argentina\/","title":{"rendered":"TABAQUER\u00cdA MARIS, la 1ra. en reparaciones de encendedores de la Argentina"},"content":{"rendered":"<h2><span style=\"font-size: 19px;\"><span style=\"font-size: 23px;\"><strong>TABAQUER\u00cdA MARIS, la <\/strong><\/span><span style=\"font-size: 39px;\"><strong>1<\/strong><\/span><strong><span style=\"font-size: 32px;\">ra<\/span>.<span style=\"font-size: 22px;\"> en reparaciones de encendedores de la Argentina<\/span><\/strong><\/span><\/h2>\n<p>Reparamos y restauramos encendedores de todas las marcas.<\/p>\n<p>Somos especialistas en modelos de Alta Gama, Antiguos y Actuales.<\/p>\n<p>Considerados <strong>LIDERES<\/strong> en el pa\u00eds desde hace m\u00e1s de 40 a\u00f1os, reconocidos por nuestra calidad, compromiso y mejor servicio de atenci\u00f3n al cliente.<\/p>\n<p>Reparamos:<\/p>\n<p>* DUPONT * DUNHILL * CARTIER * YVES SAINT LAURENT *\u00a0 \u00a0DAVIDOFF * CHRISTIAN DIOR * ZIPPO * CROWN * IMCO * ZIPPO * ROWENTA *<\/p>\n<p>COLIBR\u00cd * SAROM\u00c9 * OMEGA * RONSON * BRONICA * BRAUN * IBELO * PENGUIN * y otras.<\/p>\n<p>Todas las reparaciones cuentan con un certificado de Garant\u00eda escrita.<\/p>\n<p>Asesoramos sin cargo a nuestros clientes de todo el pa\u00eds.<\/p>\n<p>Nuestra experiencia y t\u00e9cnica <strong>\u201c<em>encienden<\/em>\u201d<\/strong> la diferencia. \u2013<\/p>\n<p>&nbsp;<\/p>\n<p>VISITENOS EN NUESTRO LOCAL<\/p>\n<p>Ag\u00fcero 1707 de la Ciudad de Buenos Aires<\/p>\n<p>Horario: Lunes a Viernes de 13.15 a 18.30 hs.<\/p>\n<p>Por WHATSAPP al 11 3015 6330 (\u00fanicamente por mensajes escritos)<\/p>\n<p>Tel\u00e9fonos:11 4822 5656\u00a0 y\u00a0 11 6961 2638<\/p>\n<p>&nbsp;<\/p>\n<p>&nbsp;<\/p>\n","protected":false},"excerpt":{"rendered":"<p><span style=\"font-size: 19px;\"><strong>TABAQUER\u00cdA MARIS, la <\/strong><span style=\"font-size: 30px;\"><strong>1<\/strong><\/span><strong><span style=\"font-size: 30px;\">ra<\/span>. en reparaciones de encendedores de la Argentina<\/strong><\/span> <a class=\"more-link\" href=\"https:\/\/maris.com.ar\/index.php\/producto\/tabaqueria-maris-la-1ra-en-reparaciones-de-encendedores-de-la-argentina\/\"><\/a><\/p>\n","protected":false},"featured_media":3245,"template":"","meta":{"om_disable_all_campaigns":false,"_monsterinsights_skip_tracking":false,"_monsterinsights_sitenote_active":false,"_monsterinsights_sitenote_note":"","_monsterinsights_sitenote_category":0},"product_brand":[],"product_cat":[53,25,61],"product_tag":[],"class_list":{"0":"post-5979","1":"product","2":"type-product","3":"status-publish","4":"has-post-thumbnail","6":"product_cat-cigarros-y-habanos","7":"product_cat-encendedores","8":"product_cat-encendedores-de-coleccion","10":"first","11":"instock","12":"shipping-taxable","13":"purchasable","14":"product-type-simple"},"aioseo_notices":[],"_links":{"self":[{"href":"https:\/\/maris.com.ar\/index.php\/wp-json\/wp\/v2\/product\/5979","targetHints":{"allow":["GET"]}}],"collection":[{"href":"https:\/\/maris.com.ar\/index.php\/wp-json\/wp\/v2\/product"}],"about":[{"href":"https:\/\/maris.com.ar\/index.php\/wp-json\/wp\/v2\/types\/product"}],"wp:featuredmedia":[{"embeddable":true,"href":"https:\/\/maris.com.ar\/index.php\/wp-json\/wp\/v2\/media\/3245"}],"wp:attachment":[{"href":"https:\/\/maris.com.ar\/index.php\/wp-json\/wp\/v2\/media?parent=5979"}],"wp:term":[{"taxonomy":"product_brand","embeddable":true,"href":"https:\/\/maris.com.ar\/index.php\/wp-json\/wp\/v2\/product_brand?post=5979"},{"taxonomy":"product_cat","embeddable":true,"href":"https:\/\/maris.com.ar\/index.php\/wp-json\/wp\/v2\/product_cat?post=5979"},{"taxonomy":"product_tag","embeddable":true,"href":"https:\/\/maris.com.ar\/index.php\/wp-json\/wp\/v2\/product_tag?post=5979"}],"curies":[{"name":"wp","href":"https:\/\/api.w.org\/{rel}","templated":true}]}}