{"id":5986,"date":"2025-05-05T15:01:46","date_gmt":"2025-05-05T15:01:46","guid":{"rendered":"https:\/\/maris.com.ar\/?post_type=product&#038;p=5986"},"modified":"2025-05-05T15:01:46","modified_gmt":"2025-05-05T15:01:46","slug":"tabaqueria-maris-la-1ra-en-reparaciones-de-encendedores-de-la-argentina-2","status":"publish","type":"product","link":"https:\/\/maris.com.ar\/index.php\/producto\/tabaqueria-maris-la-1ra-en-reparaciones-de-encendedores-de-la-argentina-2\/","title":{"rendered":"TABAQUER\u00cdA MARIS, la 1ra. en reparaciones de encendedores de la Argentina"},"content":{"rendered":"<p><span style=\"font-size: 18px;\"><strong>TABAQUER\u00cdA MARIS, la <\/strong><span style=\"font-size: 42px;\"><strong>1<\/strong><\/span><strong>ra. en reparaciones de encendedores de la Argentina<\/strong><\/span><\/p>\n<p>Reparamos y restauramos encendedores de todas las marcas, modelos, actuales, tradicionales, de colecci\u00f3n, antiguos, de series limitadas y de alta gama.-<\/p>\n<p>Desde hace m\u00e1s de 40 a\u00f1os, somos la Tabaquer\u00eda <strong>LIDER<\/strong>, en reparaci\u00f3n y servicie en la Rep\u00fablica Argentina. &#8211;<\/p>\n<p>Nuestra experiencia y t\u00e9cnica <strong>\u201c<em>encienden<\/em>\u201d<\/strong> la diferencia. \u2013<\/p>\n<p>Todas las reparaciones son entregadas con un certificado de GARANT\u00cdA ESCRITA.<\/p>\n<p>Presupuestos sin cargo.<\/p>\n<p>Asesoramos sin cargo a nuestros clientes de todo el pa\u00eds.<\/p>\n<p><strong>Marcas<\/strong> de encendedores que reparamos:<\/p>\n<p>DUPONT * DUNHILL * CARTIER * YVES SAINT LAURENT * DAVIDOFF * CHRISTIAN DIOR * ZIPPO * CROWN * IMCO * ZIPPO * ROWENTA * COLIBR\u00cd * SAROM\u00c9 * OMEGA * RONSON * BRONICA * BRAUN * IBELO * PENGUIN * y otras.<\/p>\n<p>Comprometidos con la calidad en la atenci\u00f3n al cliente y en el servicio prestado.<\/p>\n<p>VISITENOS EN NUESTRO LOCAL<\/p>\n<p>Ag\u00fcero 1707 de la Ciudad de Buenos Aires<\/p>\n<p>Horario: Lunes a Viernes de 13.15 a 18.30 hs.<\/p>\n<p>Por WHATSAPP al 11 3015 6330 (\u00fanicamente por mensajes escritos)<\/p>\n<p>Tel\u00e9fonos:11 4822 5656\u00a0 y\u00a0 11 6961 2638<\/p>\n","protected":false},"excerpt":{"rendered":"<p><span style=\"font-size: 22px;\"><strong>TABAQUER\u00cdA MARIS, la <\/strong><span style=\"font-size: 40px;\"><strong>1<\/strong><\/span><strong>ra. en reparaciones de encendedores de la Argentina<\/strong><\/span> <a class=\"more-link\" href=\"https:\/\/maris.com.ar\/index.php\/producto\/tabaqueria-maris-la-1ra-en-reparaciones-de-encendedores-de-la-argentina-2\/\"><\/a><\/p>\n","protected":false},"featured_media":4786,"template":"","meta":{"om_disable_all_campaigns":false,"_monsterinsights_skip_tracking":false,"_monsterinsights_sitenote_active":false,"_monsterinsights_sitenote_note":"","_monsterinsights_sitenote_category":0},"product_brand":[],"product_cat":[23,53,25,61,63],"product_tag":[],"class_list":{"0":"post-5986","1":"product","2":"type-product","3":"status-publish","4":"has-post-thumbnail","6":"product_cat-accesorios","7":"product_cat-cigarros-y-habanos","8":"product_cat-encendedores","9":"product_cat-encendedores-de-coleccion","10":"product_cat-novedades","12":"first","13":"instock","14":"shipping-taxable","15":"purchasable","16":"product-type-simple"},"aioseo_notices":[],"_links":{"self":[{"href":"https:\/\/maris.com.ar\/index.php\/wp-json\/wp\/v2\/product\/5986","targetHints":{"allow":["GET"]}}],"collection":[{"href":"https:\/\/maris.com.ar\/index.php\/wp-json\/wp\/v2\/product"}],"about":[{"href":"https:\/\/maris.com.ar\/index.php\/wp-json\/wp\/v2\/types\/product"}],"wp:featuredmedia":[{"embeddable":true,"href":"https:\/\/maris.com.ar\/index.php\/wp-json\/wp\/v2\/media\/4786"}],"wp:attachment":[{"href":"https:\/\/maris.com.ar\/index.php\/wp-json\/wp\/v2\/media?parent=5986"}],"wp:term":[{"taxonomy":"product_brand","embeddable":true,"href":"https:\/\/maris.com.ar\/index.php\/wp-json\/wp\/v2\/product_brand?post=5986"},{"taxonomy":"product_cat","embeddable":true,"href":"https:\/\/maris.com.ar\/index.php\/wp-json\/wp\/v2\/product_cat?post=5986"},{"taxonomy":"product_tag","embeddable":true,"href":"https:\/\/maris.com.ar\/index.php\/wp-json\/wp\/v2\/product_tag?post=5986"}],"curies":[{"name":"wp","href":"https:\/\/api.w.org\/{rel}","templated":true}]}}