{"id":6077,"date":"2025-07-29T21:33:32","date_gmt":"2025-07-29T21:33:32","guid":{"rendered":"https:\/\/maris.com.ar\/?post_type=product&#038;p=6077"},"modified":"2025-07-29T21:33:32","modified_gmt":"2025-07-29T21:33:32","slug":"1ra-en-la-reparacion-de-encendedores-en-la-republica-argentina","status":"publish","type":"product","link":"https:\/\/maris.com.ar\/index.php\/producto\/1ra-en-la-reparacion-de-encendedores-en-la-republica-argentina\/","title":{"rendered":"1ra. en la reparaci\u00f3n de encendedores en la Rep\u00fablica Argentina"},"content":{"rendered":"<p><span style=\"font-size: 25px;\"><strong><span style=\"font-size: 70px;\">1<\/span>ra. en la reparaci\u00f3n de encendedores en la Rep\u00fablica Argentina<\/strong><\/span><\/p>\n<p>La TABAQUERIA LIDER en la reparaci\u00f3n de encendedores de la Rep\u00fablica Argentina<\/p>\n<p>Reparamos y restauramos encendedores de todas las marcas.<\/p>\n<p>Somos especialistas en modelos de Alta Gama, Antiguos y Actuales.<\/p>\n<p>Considerados LIDERES en el pa\u00eds desde hace m\u00e1s de 40 a\u00f1os, reconocidos por nuestra calidad, compromiso y mejor servicio de atenci\u00f3n al cliente.<\/p>\n<p>Reparamos:<\/p>\n<p>* DUPONT * DUNHILL * CARTIER * YVES SAINT LAURENT *<\/p>\n<p>DAVIDOFF * CHRISTIAN DIOR * ZIPPO * CROWN * IMCO * ZIPPO<\/p>\n<p>* ROWENTA * COLIBR\u00cd * SAROM\u00c9 * OMEGA * RONSON * BRONICA * BRAUN * IBELO * PENGUIN * y otras.<\/p>\n<p>Todas las reparaciones cuentan con un certificado de Garant\u00eda escrita.<\/p>\n<p>Asesoramos sin cargo a nuestros clientes de todo el pa\u00eds.<\/p>\n<p>Nuestra experiencia y t\u00e9cnica \u201cencienden\u201d la diferencia. \u2013<\/p>\n<p>&nbsp;<\/p>\n<p>VISITENOS EN NUESTRO LOCAL<\/p>\n<p>Ag\u00fcero 1707 de la Ciudad de Buenos Aires<\/p>\n<p>Horario: Lunes a Viernes de 13.15 a 18.30 hs.<\/p>\n<p>Por WHATSAPP al 11 3015 6330 (\u00fanicamente por mensajes escritos)<\/p>\n<p>Tel\u00e9fonos:11 4822 5656\u00a0 y\u00a0 11 6961 2638<\/p>\n<p>&nbsp;<\/p>\n","protected":false},"excerpt":{"rendered":"<p><span style=\"font-size: 20px;\"><strong><span style=\"font-size: 39px;\">1<\/span>ra. en la reparaci\u00f3n de encendedores en la Rep\u00fablica Argentina<\/strong><\/span> <a class=\"more-link\" href=\"https:\/\/maris.com.ar\/index.php\/producto\/1ra-en-la-reparacion-de-encendedores-en-la-republica-argentina\/\"><\/a><\/p>\n","protected":false},"featured_media":6078,"template":"","meta":{"om_disable_all_campaigns":false,"_monsterinsights_skip_tracking":false,"_monsterinsights_sitenote_active":false,"_monsterinsights_sitenote_note":"","_monsterinsights_sitenote_category":0},"product_brand":[],"product_cat":[25,61],"product_tag":[],"class_list":{"0":"post-6077","1":"product","2":"type-product","3":"status-publish","4":"has-post-thumbnail","6":"product_cat-encendedores","7":"product_cat-encendedores-de-coleccion","9":"first","10":"instock","11":"shipping-taxable","12":"purchasable","13":"product-type-simple"},"aioseo_notices":[],"_links":{"self":[{"href":"https:\/\/maris.com.ar\/index.php\/wp-json\/wp\/v2\/product\/6077","targetHints":{"allow":["GET"]}}],"collection":[{"href":"https:\/\/maris.com.ar\/index.php\/wp-json\/wp\/v2\/product"}],"about":[{"href":"https:\/\/maris.com.ar\/index.php\/wp-json\/wp\/v2\/types\/product"}],"wp:featuredmedia":[{"embeddable":true,"href":"https:\/\/maris.com.ar\/index.php\/wp-json\/wp\/v2\/media\/6078"}],"wp:attachment":[{"href":"https:\/\/maris.com.ar\/index.php\/wp-json\/wp\/v2\/media?parent=6077"}],"wp:term":[{"taxonomy":"product_brand","embeddable":true,"href":"https:\/\/maris.com.ar\/index.php\/wp-json\/wp\/v2\/product_brand?post=6077"},{"taxonomy":"product_cat","embeddable":true,"href":"https:\/\/maris.com.ar\/index.php\/wp-json\/wp\/v2\/product_cat?post=6077"},{"taxonomy":"product_tag","embeddable":true,"href":"https:\/\/maris.com.ar\/index.php\/wp-json\/wp\/v2\/product_tag?post=6077"}],"curies":[{"name":"wp","href":"https:\/\/api.w.org\/{rel}","templated":true}]}}