{"id":6090,"date":"2025-10-07T19:00:24","date_gmt":"2025-10-07T19:00:24","guid":{"rendered":"https:\/\/maris.com.ar\/?post_type=product&#038;p=6090"},"modified":"2025-10-16T18:40:20","modified_gmt":"2025-10-16T18:40:20","slug":"encendedor-imco-austriaco-carusita-5-estrellas-nuevos-de-coleccion","status":"publish","type":"product","link":"https:\/\/maris.com.ar\/index.php\/producto\/encendedor-imco-austriaco-carusita-5-estrellas-nuevos-de-coleccion\/","title":{"rendered":"Encendedor IMCO Austriaco Carusita # 5 ESTRELLAS # nuevos de Colecci\u00f3n"},"content":{"rendered":"<p><strong>Encendedor de Colecci\u00f3n<\/strong><span style=\"font-size: 14pt;\"><strong> IMCO, CARUSITA<\/strong><\/span>, &#8221; 5 Estrellas &#8221; <strong><span style=\"color: #993300;\">nuevos\u00a0 *<\/span> Original*<\/strong><\/p>\n<p>Modelo Triplex Junior, made in <span style=\"font-size: 18px;\">Austria<\/span><\/p>\n<p>a bencina y piedra<\/p>\n<p><strong>Plateado<\/strong><\/p>\n<p>Fabricados en el per\u00edodos 1960 al\u00a0 70<\/p>\n<h3 data-start=\"171\" data-end=\"200\">Puntos clave de tu pieza:<\/h3>\n<ul data-start=\"201\" data-end=\"996\">\n<li data-start=\"201\" data-end=\"364\">\n<p data-start=\"203\" data-end=\"364\">En la <strong data-start=\"209\" data-end=\"217\">base<\/strong> se lee claramente: <em data-start=\"237\" data-end=\"276\">\u201cIMCO Junior \u2013 Vienna Austria \u2013 6600\u201d<\/em>, lo que confirma que es un <strong data-start=\"304\" data-end=\"333\">modelo original austr\u00edaco<\/strong> (no reedici\u00f3n china\/actual).<\/p>\n<\/li>\n<li data-start=\"365\" data-end=\"570\">\n<p data-start=\"367\" data-end=\"570\">El <strong data-start=\"370\" data-end=\"406\">acabado estampado en 5 estrellas<\/strong> que aparece en uno de los costados corresponde a una de las decoraciones que IMCO utiliz\u00f3 en algunas series del <strong data-start=\"519\" data-end=\"534\">Junior 6600<\/strong> durante las d\u00e9cadas de 1960\u20131970.<\/p>\n<\/li>\n<li data-start=\"571\" data-end=\"722\">\n<p data-start=\"573\" data-end=\"722\">El mecanismo (brazo abatible, resorte del algod\u00f3n y c\u00e1psula de mecha) es t\u00edpico de IMCO: dise\u00f1ado para practicidad, resistencia y recarga sencilla.<\/p>\n<\/li>\n<li data-start=\"723\" data-end=\"996\">\n<p data-start=\"725\" data-end=\"996\">El patr\u00f3n cuadriculado de la carcasa (\u201ccheckered\u201d) junto con el estampado especial (las 5 estrellas alineadas) se produc\u00eda en variantes de acabado,<span style=\"color: #ff6600;\"> muy valoradas por coleccionistas<\/span> porque no eran las versiones m\u00e1s comunes (la mayor\u00eda eran lisas o con simple texturado).<\/p>\n<\/li>\n<\/ul>\n<h3 data-start=\"998\" data-end=\"1026\">Antecedentes del modelo:<\/h3>\n<ul data-start=\"1027\" data-end=\"1530\">\n<li data-start=\"1027\" data-end=\"1153\">\n<p data-start=\"1029\" data-end=\"1153\">El <strong data-start=\"1032\" data-end=\"1052\">IMCO Junior 6600<\/strong> fue uno de los encendedores m\u00e1s producidos de la marca, sucesor del famoso <strong data-start=\"1128\" data-end=\"1150\">Triplex Super 6700<\/strong>.<\/p>\n<\/li>\n<li data-start=\"1154\" data-end=\"1233\">\n<p data-start=\"1156\" data-end=\"1233\">Se fabricaron miles de unidades desde mediados de los a\u00f1os 50 hasta los 70.<\/p>\n<\/li>\n<li data-start=\"1234\" data-end=\"1389\">\n<p data-start=\"1236\" data-end=\"1389\">IMCO fue conocida por ofrecer diferentes acabados decorativos para mercados espec\u00edficos (rayado, cuadriculado, con logotipos o motivos como estrellas).<\/p>\n<\/li>\n<li data-start=\"1390\" data-end=\"1530\">\n<p data-start=\"1392\" data-end=\"1530\">El grabado de <strong data-start=\"1406\" data-end=\"1421\">5 estrellas<\/strong> no tiene un significado oficial de \u201cserie conmemorativa\u201d, sino que era una variante est\u00e9tica del cat\u00e1logo.<\/p>\n<\/li>\n<\/ul>\n<h3 data-start=\"1532\" data-end=\"1551\">Valor y rareza:<\/h3>\n<ul data-start=\"1552\" data-end=\"1887\">\n<li data-start=\"1552\" data-end=\"1722\">\n<p data-start=\"1554\" data-end=\"1722\">El 6600 con el grabado de<span style=\"color: #ff6600;\"> 5 estrellas<\/span> no es el m\u00e1s com\u00fan: suele encontrarse en colecciones europeas y aparece en subastas online como \u201cdecorated case\u201d o \u201cstar motif\u201d.<\/p>\n<\/li>\n<\/ul>\n<p>Saldo de importaci\u00f3n<\/p>\n","protected":false},"excerpt":{"rendered":"<p><strong>Encendedor de <span style=\"color: #ff0000;\">Colecci\u00f3n<\/span><\/strong><span style=\"font-size: 14pt;\"><strong> IMCO &#8221; 5 ESTRELLAS &#8220;, CARUSITA<\/strong><\/span>, <strong><span style=\"color: #993300;\">nuevos<\/span>\u00a0 *Original*<\/strong><\/p>\n<p>origen Austria <a class=\"more-link\" href=\"https:\/\/maris.com.ar\/index.php\/producto\/encendedor-imco-austriaco-carusita-5-estrellas-nuevos-de-coleccion\/\"><\/a><\/p>\n","protected":false},"featured_media":5567,"template":"","meta":{"om_disable_all_campaigns":false,"_monsterinsights_skip_tracking":false,"_monsterinsights_sitenote_active":false,"_monsterinsights_sitenote_note":"","_monsterinsights_sitenote_category":0},"product_brand":[],"product_cat":[53,25,28,29,31,22],"product_tag":[],"class_list":{"0":"post-6090","1":"product","2":"type-product","3":"status-publish","4":"has-post-thumbnail","6":"product_cat-cigarros-y-habanos","7":"product_cat-encendedores","8":"product_cat-pipas","9":"product_cat-puros","10":"product_cat-tabaco-para-armar-cigarrillos","11":"product_cat-tabaco-para-pipa","13":"first","14":"instock","15":"featured","16":"shipping-taxable","17":"purchasable","18":"product-type-simple"},"aioseo_notices":[],"_links":{"self":[{"href":"https:\/\/maris.com.ar\/index.php\/wp-json\/wp\/v2\/product\/6090","targetHints":{"allow":["GET"]}}],"collection":[{"href":"https:\/\/maris.com.ar\/index.php\/wp-json\/wp\/v2\/product"}],"about":[{"href":"https:\/\/maris.com.ar\/index.php\/wp-json\/wp\/v2\/types\/product"}],"wp:featuredmedia":[{"embeddable":true,"href":"https:\/\/maris.com.ar\/index.php\/wp-json\/wp\/v2\/media\/5567"}],"wp:attachment":[{"href":"https:\/\/maris.com.ar\/index.php\/wp-json\/wp\/v2\/media?parent=6090"}],"wp:term":[{"taxonomy":"product_brand","embeddable":true,"href":"https:\/\/maris.com.ar\/index.php\/wp-json\/wp\/v2\/product_brand?post=6090"},{"taxonomy":"product_cat","embeddable":true,"href":"https:\/\/maris.com.ar\/index.php\/wp-json\/wp\/v2\/product_cat?post=6090"},{"taxonomy":"product_tag","embeddable":true,"href":"https:\/\/maris.com.ar\/index.php\/wp-json\/wp\/v2\/product_tag?post=6090"}],"curies":[{"name":"wp","href":"https:\/\/api.w.org\/{rel}","templated":true}]}}