{"id":6092,"date":"2025-10-09T21:27:00","date_gmt":"2025-10-09T21:27:00","guid":{"rendered":"https:\/\/maris.com.ar\/?post_type=product&#038;p=6092"},"modified":"2025-10-16T18:44:02","modified_gmt":"2025-10-16T18:44:02","slug":"encendedor-imco-austriaco-carusita-pmh-b-v-nuevos-para-coleccionistas","status":"publish","type":"product","link":"https:\/\/maris.com.ar\/index.php\/producto\/encendedor-imco-austriaco-carusita-pmh-b-v-nuevos-para-coleccionistas\/","title":{"rendered":"Encendedor IMCO Austriaco Carusita &#8220;PMH B.V.&#8221; nuevos para coleccionistas"},"content":{"rendered":"<p>Encendedor IMCO Austriaco Carusita <span style=\"font-size: 14pt;\"><strong>&#8220;PMH B.V. &#8220;<\/strong><\/span> nuevos para coleccionistas, NUEVOS<\/p>\n<p>Modelo Triplex Junior, made in <span style=\"font-size: 18px;\">Austria<\/span><\/p>\n<p>a bencina y piedra<\/p>\n<p><strong>Plateado<\/strong><\/p>\n<p>Fabricados en el per\u00edodos 1960 al\u00a0 70<\/p>\n<h3 data-start=\"171\" data-end=\"200\">Puntos clave de tu pieza:<\/h3>\n<ul data-start=\"201\" data-end=\"996\">\n<li data-start=\"201\" data-end=\"364\">\n<p data-start=\"203\" data-end=\"364\">En la <strong data-start=\"209\" data-end=\"217\">base<\/strong> se lee claramente: <em data-start=\"237\" data-end=\"276\">\u201cIMCO Junior \u2013 Vienna Austria \u2013 6600\u201d<\/em>, lo que confirma que es un <strong data-start=\"304\" data-end=\"333\">modelo original austr\u00edaco<\/strong> (no reedici\u00f3n china\/actual).<\/p>\n<\/li>\n<\/ul>\n<h3 data-start=\"998\" data-end=\"1026\">modelo:<\/h3>\n<ul data-start=\"1027\" data-end=\"1530\">\n<li data-start=\"1027\" data-end=\"1153\">\n<p data-start=\"1029\" data-end=\"1153\">El <strong data-start=\"1032\" data-end=\"1052\">IMCO Junior 6600<\/strong> fue uno de los encendedores m\u00e1s producidos de la marca, sucesor del famoso <strong data-start=\"1128\" data-end=\"1150\">Triplex Super 6700<\/strong>.<\/p>\n<\/li>\n<li data-start=\"1154\" data-end=\"1233\">\n<p data-start=\"1156\" data-end=\"1233\">Se fabricaron miles de unidades desde mediados de los a\u00f1os 50 hasta los 70.<\/p>\n<\/li>\n<li data-start=\"1234\" data-end=\"1389\">\n<p data-start=\"1236\" data-end=\"1389\">IMCO fue conocida por ofrecer diferentes acabados decorativos para mercados espec\u00edficos (rayado, cuadriculado, con logotipos o motivos como estrellas).<\/p>\n<\/li>\n<\/ul>\n<h3 data-start=\"1532\" data-end=\"1551\">Valor y rareza:<\/h3>\n<p>Saldo de importaci\u00f3n<\/p>\n<p>RESE\u00d1A DEL ENCENDEDOR IMCO (conocido en la Argentina como CARUSITA)<\/p>\n<p><strong>&#8220;NE PEUT \u00caTRE VENDU&#8221;<\/strong><\/p>\n<p>1.- <strong>Marca y Modelo<\/strong><\/p>\n<ul>\n<li><strong>IMCO<\/strong>: Es la abreviatura de <strong>&#8220;Industrie-Mechanik-Company&#8221;<\/strong>, una firma austr\u00edaca fundada en 1907 por Julius Meister. Fue una de las productoras de encendedores m\u00e1s importantes de Europa, rival directo de <strong>Zippo<\/strong> en popularidad y prestigio.\u00a0 Sus primeros encendedores de trinchera, fabricados con proyectos usados en la guerra. Estos encendedores son conocidos por su resistencia al viento, populares entre los militares. desafortunadamente, IMCO cancel\u00f3 su comercializaci\u00f3n en junio de 2012. Todo ello, los convierte en objetos de colecci\u00f3n. Como se sabe, \u00e9ste tiene el tubo de mecha extra\u00edble que puede encender fuegos, barbacoas, velas, pipas, etc. muy vers\u00e1til.<\/li>\n<\/ul>\n<p>2.- <strong>Inscripciones en la tapa<\/strong><\/p>\n<ol>\n<li><strong>&#8220;NE PEUT \u00caTRE VENDU&#8221;<\/strong><br \/>\nTraducci\u00f3n: <em>\u201cNo puede ser vendido\u201d<\/em>.<br \/>\nEsto indica que el encendedor fue fabricado como <strong>muestra promocional o regalo publicitario<\/strong>, no para venta directa. Era com\u00fan que las tabacaleras encargaran a IMCO encendedores con este grabado para campa\u00f1as de marketing.<\/li>\n<li><strong>&#8220;PMH B.V.&#8221;<\/strong><\/li>\n<\/ol>\n<p>\u201cB.V.\u201d significa <em>Besloten Vennootschap<\/em> (sociedad privada de responsabilidad limitada en neerland\u00e9s).<\/p>\n<p>PMH probablemente corresponde a una compa\u00f1\u00eda vinculada al <strong>sector tabacalero<\/strong> (en muchos casos se ha asociado con <strong>Philip Morris Holland B.V.<\/strong>, que distribu\u00eda tabaco y cigarrillos en Europa).<br \/>\nEsto refuerza la idea de que el encendedor fue hecho como <strong>merchandising corporativo para la distribuci\u00f3n de tabaco o cigarrillos.<\/strong><\/p>\n<p>El encendedor es un <strong>IMCO Junior promocional<\/strong> fabricado entre los a\u00f1os 50 y 70, probablemente para <strong>Philip Morris Holland B.V.<\/strong>, (1969) distribuido como obsequio en campa\u00f1as de cigarrillos. <strong><em>Es un art\u00edculo coleccionable<\/em><\/strong> con un valor interesante, especialmente por la inscripci\u00f3n <strong>\u201cNe peut \u00eatre vendu\u201d<\/strong> que confirma su origen publicitario.<\/p>\n<p><strong>\u201cPMH B.V.\u201d est\u00e1 asociado a Philip Morris (filiales en Europa \/ Holland) \u00a0y<\/strong><br \/>\naparece en listados y documentos relacionados con <strong>Philip Morris Holland \/ filiales de Philip Morris<\/strong>; es habitual encontrar objetos promocionales de tabacaleras marcados con siglas de sus filiales.<\/p>\n<p>3.- <strong>Valor de colecci\u00f3n<\/strong><\/p>\n<ul>\n<li>Los encendedores IMCO son muy buscados, especialmente los que tienen inscripciones publicitarias o de promoci\u00f3n.<\/li>\n<li>Un modelo con grabados especiales como el indicado es muy buscado por los coleccionistas y en especial por los FAN de los encendedores <strong>IMCO<\/strong><\/li>\n<li>Para coleccionistas de tabacaleras (Philip Morris, etc.) tiene un valor adicional.<\/li>\n<\/ul>\n<p>Confeccionado con aporte de IA<\/p>\n","protected":false},"excerpt":{"rendered":"<p><span style=\"font-size: 14pt;\"><strong>Encendedor IMCO Austriaco Carusita &#8220;PMH B.V. &#8221;\u00a0 para coleccionistas <\/strong><\/span>\u00a0<strong><span style=\"color: #993300;\">nuevos<\/span>\u00a0 *Original*<\/strong><\/p>\n<p>origen Austria <a class=\"more-link\" href=\"https:\/\/maris.com.ar\/index.php\/producto\/encendedor-imco-austriaco-carusita-pmh-b-v-nuevos-para-coleccionistas\/\"><\/a><\/p>\n","protected":false},"featured_media":5585,"template":"","meta":{"om_disable_all_campaigns":false,"_monsterinsights_skip_tracking":false,"_monsterinsights_sitenote_active":false,"_monsterinsights_sitenote_note":"","_monsterinsights_sitenote_category":0},"product_brand":[],"product_cat":[53,25,28,29,31,22],"product_tag":[],"class_list":{"0":"post-6092","1":"product","2":"type-product","3":"status-publish","4":"has-post-thumbnail","6":"product_cat-cigarros-y-habanos","7":"product_cat-encendedores","8":"product_cat-pipas","9":"product_cat-puros","10":"product_cat-tabaco-para-armar-cigarrillos","11":"product_cat-tabaco-para-pipa","13":"first","14":"instock","15":"featured","16":"shipping-taxable","17":"purchasable","18":"product-type-simple"},"aioseo_notices":[],"_links":{"self":[{"href":"https:\/\/maris.com.ar\/index.php\/wp-json\/wp\/v2\/product\/6092","targetHints":{"allow":["GET"]}}],"collection":[{"href":"https:\/\/maris.com.ar\/index.php\/wp-json\/wp\/v2\/product"}],"about":[{"href":"https:\/\/maris.com.ar\/index.php\/wp-json\/wp\/v2\/types\/product"}],"wp:featuredmedia":[{"embeddable":true,"href":"https:\/\/maris.com.ar\/index.php\/wp-json\/wp\/v2\/media\/5585"}],"wp:attachment":[{"href":"https:\/\/maris.com.ar\/index.php\/wp-json\/wp\/v2\/media?parent=6092"}],"wp:term":[{"taxonomy":"product_brand","embeddable":true,"href":"https:\/\/maris.com.ar\/index.php\/wp-json\/wp\/v2\/product_brand?post=6092"},{"taxonomy":"product_cat","embeddable":true,"href":"https:\/\/maris.com.ar\/index.php\/wp-json\/wp\/v2\/product_cat?post=6092"},{"taxonomy":"product_tag","embeddable":true,"href":"https:\/\/maris.com.ar\/index.php\/wp-json\/wp\/v2\/product_tag?post=6092"}],"curies":[{"name":"wp","href":"https:\/\/api.w.org\/{rel}","templated":true}]}}